{"id":6493,"date":"2022-07-06T20:15:03","date_gmt":"2022-07-06T20:15:03","guid":{"rendered":"https:\/\/spiritplasztika.hu\/?page_id=6493"},"modified":"2024-10-04T12:59:37","modified_gmt":"2024-10-04T12:59:37","slug":"faq","status":"publish","type":"page","link":"https:\/\/spiritplasztika.hu\/en\/faq\/","title":{"rendered":"F.A.Q."},"content":{"rendered":"\t\t<div data-elementor-type=\"wp-page\" data-elementor-id=\"6493\" class=\"elementor elementor-6493 elementor-187\">\n\t\t\t\t\t\t<section class=\"elementor-section elementor-top-section elementor-element elementor-element-3252f77 elementor-section-stretched elementor-section-boxed elementor-section-height-default elementor-section-height-default\" data-id=\"3252f77\" data-element_type=\"section\" data-e-type=\"section\" data-settings=\"{&quot;stretch_section&quot;:&quot;section-stretched&quot;,&quot;background_background&quot;:&quot;classic&quot;}\">\n\t\t\t\t\t\t<div class=\"elementor-container elementor-column-gap-default\">\n\t\t\t\t\t<div class=\"elementor-column elementor-col-100 elementor-top-column elementor-element elementor-element-0229c97\" data-id=\"0229c97\" data-element_type=\"column\" data-e-type=\"column\">\n\t\t\t<div class=\"elementor-widget-wrap elementor-element-populated\">\n\t\t\t\t\t\t<div class=\"elementor-element elementor-element-8d15f17 elementor-widget elementor-widget-spacer\" data-id=\"8d15f17\" data-element_type=\"widget\" data-e-type=\"widget\" data-widget_type=\"spacer.default\">\n\t\t\t\t<div class=\"elementor-widget-container\">\n\t\t\t\t\t\t\t<div class=\"elementor-spacer\">\n\t\t\t<div class=\"elementor-spacer-inner\"><\/div>\n\t\t<\/div>\n\t\t\t\t\t\t<\/div>\n\t\t\t\t<\/div>\n\t\t\t\t<div class=\"elementor-element elementor-element-2a3a014 elementor-widget elementor-widget-heading\" data-id=\"2a3a014\" data-element_type=\"widget\" data-e-type=\"widget\" data-widget_type=\"heading.default\">\n\t\t\t\t<div class=\"elementor-widget-container\">\n\t\t\t\t\t<h1 class=\"elementor-heading-title elementor-size-default\">Frequently asked questions<\/h1>\t\t\t\t<\/div>\n\t\t\t\t<\/div>\n\t\t\t\t<div class=\"elementor-element elementor-element-0928615 elementor-widget elementor-widget-spacer\" data-id=\"0928615\" data-element_type=\"widget\" data-e-type=\"widget\" data-widget_type=\"spacer.default\">\n\t\t\t\t<div class=\"elementor-widget-container\">\n\t\t\t\t\t\t\t<div class=\"elementor-spacer\">\n\t\t\t<div class=\"elementor-spacer-inner\"><\/div>\n\t\t<\/div>\n\t\t\t\t\t\t<\/div>\n\t\t\t\t<\/div>\n\t\t\t\t\t<\/div>\n\t\t<\/div>\n\t\t\t\t\t<\/div>\n\t\t<\/section>\n\t\t\t\t<section class=\"elementor-section elementor-top-section elementor-element elementor-element-eb63904 elementor-section-stretched elementor-section-boxed elementor-section-height-default elementor-section-height-default\" data-id=\"eb63904\" data-element_type=\"section\" data-e-type=\"section\" data-settings=\"{&quot;stretch_section&quot;:&quot;section-stretched&quot;,&quot;background_background&quot;:&quot;classic&quot;}\">\n\t\t\t\t\t\t<div class=\"elementor-container elementor-column-gap-default\">\n\t\t\t\t\t<div class=\"elementor-column elementor-col-100 elementor-top-column elementor-element elementor-element-5e1ba84\" data-id=\"5e1ba84\" data-element_type=\"column\" data-e-type=\"column\">\n\t\t\t<div class=\"elementor-widget-wrap elementor-element-populated\">\n\t\t\t\t\t\t<div class=\"elementor-element elementor-element-b8142c1 elementor-widget elementor-widget-mfn_faq\" data-id=\"b8142c1\" data-element_type=\"widget\" data-e-type=\"widget\" data-widget_type=\"mfn_faq.default\">\n\t\t\t\t<div class=\"elementor-widget-container\">\n\t\t\t\t\t<div class=\"faq\"><div class=\"mfn-acc faq_wrapper  open1st\"><div class=\"question\" tabindex=\"0\" role=\"button\"><div class=\"title\"><span class=\"num\">1<\/span><i class=\"icon-plus acc-icon-plus\" aria-hidden=\"true\"><\/i><i class=\"icon-minus acc-icon-minus\" aria-hidden=\"true\"><\/i>VIHETEK MAGAMMAL K\u00cdS\u00c9R\u0150T A KONZULT\u00c1CI\u00d3RA?<\/div><div class=\"answer\"><p><span style=\"color: #ffffff;\">Term\u00e9szetesen van r\u00e1 lehet\u0151s\u00e9g, hogy egy k\u00eds\u00e9r\u0151 r\u00e9szt vegyen konzult\u00e1ci\u00f3j\u00e1n, amikor v\u00e1laszt\u00e1sra ker\u00fcl a sor pl. a mellimplant\u00e1tum form\u00e1j\u00e1t \u00e9s m\u00e9ret\u00e9t illet\u0151en, fontos, hogy a d\u00f6nt\u00e9st \u00f6n hozza meg \u2013 orvosa szakmai ir\u00e1nymutat\u00e1s\u00e1val.<\/span><\/p><\/div><\/div>\n<div class=\"question\" tabindex=\"0\" role=\"button\"><div class=\"title\"><span class=\"num\">2<\/span><i class=\"icon-plus acc-icon-plus\" aria-hidden=\"true\"><\/i><i class=\"icon-minus acc-icon-minus\" aria-hidden=\"true\"><\/i>A KONZULT\u00c1CI\u00d3T K\u00d6VET\u0150EN MIKOR KER\u00dcLHET SOR A M\u0170T\u00c9TRE?<\/div><div class=\"answer\"><p><span style=\"color: #ffffff;\">Legf\u0151bb k\u00e9rd\u00e9s, hogy a p\u00e1ciens mikor szeretn\u00e9 a m\u0171t\u00e9tet. Orvosaink igyekeznek ehhez igazodni, ak\u00e1r 1-3 h\u00f3napon bel\u00fcl sor ker\u00fclhet a beavatkoz\u00e1sra.<\/span><\/p><\/div><\/div>\n<div class=\"question\" tabindex=\"0\" role=\"button\"><div class=\"title\"><span class=\"num\">3<\/span><i class=\"icon-plus acc-icon-plus\" aria-hidden=\"true\"><\/i><i class=\"icon-minus acc-icon-minus\" aria-hidden=\"true\"><\/i>MILYEN VIZSG\u00c1LATOK SZ\u00dcKS\u00c9GESEK AZ OPER\u00c1CI\u00d3 EL\u0150TT?<\/div><div class=\"answer\"><p><span style=\"color: #ffffff;\">Err\u0151l teljes k\u00f6r\u0171 t\u00e1j\u00e9koztat\u00e1st kapnak kezel\u0151 orvosukt\u00f3l. Labor, EKG, vizelet, mellkasr\u00f6ntgen, a beavatkoz\u00e1snak megfelel\u0151en hasi-vagy eml\u0151 ultrahang (35 \u00e9v felett mammogr\u00e1fia).<\/span><\/p><p><span style=\"color: #ffffff;\">A COVID-19 j\u00e1rv\u00e1nyhelyzet miatti aktu\u00e1lis szab\u00e1lyoz\u00e1sr\u00f3l asszisztens\u00fcnk fog t\u00e1j\u00e9koztat\u00e1st adni.<\/span><\/p><\/div><\/div>\n<div class=\"question\" tabindex=\"0\" role=\"button\"><div class=\"title\"><span class=\"num\">4<\/span><i class=\"icon-plus acc-icon-plus\" aria-hidden=\"true\"><\/i><i class=\"icon-minus acc-icon-minus\" aria-hidden=\"true\"><\/i>SZ\u00dcKS\u00c9GES B\u00c1RMILYEN VIZSG\u00c1LAT A KONZULT\u00c1CI\u00d3 EL\u0150TT?<\/div><div class=\"answer\"><p><span style=\"color: #ffffff;\">Minden m\u0171t\u00e9ti beavatkoz\u00e1s el\u0151tt sz\u00fcks\u00e9ges labor \u00e9s k\u00fcl\u00f6nb\u00f6z\u0151 vizsg\u00e1latokat v\u00e9gezni, melyeket orvosa hat\u00e1roz meg az elv\u00e9gzend\u0151 m\u0171t\u00e9t, a p\u00e1ciens kora, illetve esetleges betegs\u00e9gei alapj\u00e1n. Az \u00f6sszes sz\u00fcks\u00e9ges vizsg\u00e1latot el tudja v\u00e9gezni int\u00e9zm\u00e9ny\u00fcnkben egy helyen, az id\u0151pontokat \u00f6sszehangoltan foglalja le \u00d6nnek asszisztens koll\u00e9g\u00e1nk \u2013 lehet\u0151s\u00e9g szerint 1 napra.<\/span><\/p><\/div><\/div>\n<div class=\"question\" tabindex=\"0\" role=\"button\"><div class=\"title\"><span class=\"num\">5<\/span><i class=\"icon-plus acc-icon-plus\" aria-hidden=\"true\"><\/i><i class=\"icon-minus acc-icon-minus\" aria-hidden=\"true\"><\/i>H\u00c1NY \u00c9VES KORT\u00d3L VAN M\u00d3D MELLPLASZTIK\u00c1T ELV\u00c9GEZNI?<\/div><div class=\"answer\"><p><span style=\"color: #ffffff;\">Mag\u00e1npraxis keretein bel\u00fcl Klinik\u00e1nkon 18 \u00e9ves kort\u00f3l v\u00e9gz\u00fcnk mellplasztikai m\u0171t\u00e9tet.<\/span><\/p><\/div><\/div>\n<div class=\"question\" tabindex=\"0\" role=\"button\"><div class=\"title\"><span class=\"num\">6<\/span><i class=\"icon-plus acc-icon-plus\" aria-hidden=\"true\"><\/i><i class=\"icon-minus acc-icon-minus\" aria-hidden=\"true\"><\/i>CISZTA ESET\u00c9N IS LEHET MELLPLASZTIK\u00c1T V\u00c9GEZNI?<\/div><div class=\"answer\"><p><span style=\"color: #ffffff;\">Ciszta eset\u00e9n van lehet\u0151s\u00e9g eml\u0151plasztik\u00e1ra, a pontos r\u00e9szleteket a konzult\u00e1ci\u00f3n tudja egyeztetni plasztikai seb\u00e9sz szakorvosunkkal.<\/span><\/p><\/div><\/div>\n<div class=\"question\" tabindex=\"0\" role=\"button\"><div class=\"title\"><span class=\"num\">7<\/span><i class=\"icon-plus acc-icon-plus\" aria-hidden=\"true\"><\/i><i class=\"icon-minus acc-icon-minus\" aria-hidden=\"true\"><\/i>MIKOR KEZDHETEK \u00daJRA VEZETNI A PLASZTIKAI M\u0170T\u00c9TET K\u00d6VET\u0150EN?<\/div><div class=\"answer\"><p><span style=\"color: #ffffff;\">3 h\u00e9tig ellenjavallt a vezet\u00e9s, ut\u00e1na fokozatosan \u00e9rdemes vissza\u00e1llni, kisebb t\u00e1vokkal.<\/span><\/p><\/div><\/div>\n<div class=\"question\" tabindex=\"0\" role=\"button\"><div class=\"title\"><span class=\"num\">8<\/span><i class=\"icon-plus acc-icon-plus\" aria-hidden=\"true\"><\/i><i class=\"icon-minus acc-icon-minus\" aria-hidden=\"true\"><\/i>FENT MARADHAT A M\u0170K\u00d6RM\u00d6M A M\u0170T\u00c9T SOR\u00c1N, VAGY LE KELL VETETNEM?<\/div><div class=\"answer\"><p><span style=\"color: #ffffff;\">Nem sz\u00fcks\u00e9ges elt\u00e1vol\u00edtani a m\u0171k\u00f6rm\u00f6t, viszont tan\u00e1csos a k\u00f6veket, strasszokat mell\u0151zni, \u00e9s fontos hogy a sz\u00edne ne legyen fekete\u00a0vagy\u00a0piros.<\/span><\/p><\/div><\/div>\n<div class=\"question\" tabindex=\"0\" role=\"button\"><div class=\"title\"><span class=\"num\">9<\/span><i class=\"icon-plus acc-icon-plus\" aria-hidden=\"true\"><\/i><i class=\"icon-minus acc-icon-minus\" aria-hidden=\"true\"><\/i>\u00c9RDEMES  M\u0170T\u00c9T UT\u00c1N HEGKEZEL\u0150 KR\u00c9MET HASZN\u00c1LNI? HA IGEN, MILYET?<\/div><div class=\"answer\"><p><span style=\"color: #ffffff;\">Varratszed\u00e9sig semmilyen kr\u00e9met nem szabad haszn\u00e1lni. Ut\u00e1na, amennyiben oper\u00e1l\u00f3 orvosa javasolja, Dermatix vagy Cicaplast haszn\u00e1lata javasolt.<\/span><\/p><\/div><\/div>\n<div class=\"question\" tabindex=\"0\" role=\"button\"><div class=\"title\"><span class=\"num\">10<\/span><i class=\"icon-plus acc-icon-plus\" aria-hidden=\"true\"><\/i><i class=\"icon-minus acc-icon-minus\" aria-hidden=\"true\"><\/i>SZ\u00dcKS\u00c9GES KOMPRESSZI\u00d3S RUH\u00c1T, ILLETVE SPECI\u00c1LIS MELLTART\u00d3T VISELNI HAS, ILLETVE MELLM\u0170T\u00c9T UT\u00c1N?<\/div><div class=\"answer\"><p><span style=\"color: #ffffff;\">Igen, a m\u0171t\u00e9t napj\u00e1t\u00f3l sz\u00e1m\u00edtva hat h\u00e9tig \u00e9jjel-nappal sz\u00fcks\u00e9ges viselni a kompresszi\u00f3s ruh\u00e1t, illetve melltart\u00f3t.<\/span><\/p><\/div><\/div>\n<div class=\"question\" tabindex=\"0\" role=\"button\"><div class=\"title\"><span class=\"num\">11<\/span><i class=\"icon-plus acc-icon-plus\" aria-hidden=\"true\"><\/i><i class=\"icon-minus acc-icon-minus\" aria-hidden=\"true\"><\/i>BOTOX UT\u00c1N SZABAD-E KOZMETIKAI KEZEL\u00c9ST V\u00c9GEZTETNI?<\/div><div class=\"answer\"><p><span style=\"color: #ffffff;\">Mivel b\u00e1rmilyen h\u0151k\u00e9pz\u0151d\u00e9s (g\u0151z\u00f6l\u00e9s, massz\u00e1zs, szol\u00e1rium) rontja a botox hat\u00e1s\u00e1t am\u00edg az nem \u00e1ll be, \u00edgy ezek haszn\u00e1lata legal\u00e1bb 2 h\u00e9tig ellenjavallt. A kezel\u00e9s ut\u00e1n legal\u00e1bb 6 hetet sz\u00fcks\u00e9ges v\u00e1rni a kozmetikai kezel\u00e9sig.<\/span><\/p><\/div><\/div>\n<div class=\"question\" tabindex=\"0\" role=\"button\"><div class=\"title\"><span class=\"num\">12<\/span><i class=\"icon-plus acc-icon-plus\" aria-hidden=\"true\"><\/i><i class=\"icon-minus acc-icon-minus\" aria-hidden=\"true\"><\/i>HASPLASZTIKA UT\u00c1N MENNYI ID\u0150 ELTELT\u00c9VEL JAVASOLT A GYERMEKV\u00c1LLAL\u00c1S?<\/div><div class=\"answer\"><p><span style=\"color: #ffffff;\">A hasplasztikai m\u0171t\u00e9t ut\u00e1n legal\u00e1bb egy \u00e9vet aj\u00e1nlott v\u00e1rni gyermekv\u00e1llal\u00e1ssal, tan\u00e1csos megfontolni, hogy a tervezett csal\u00e1dalap\u00edt\u00e1s el\u00e9r\u00e9se ut\u00e1n v\u00e9geztessen hasplasztik\u00e1t.<\/span><\/p><\/div><\/div>\n<div class=\"question\" tabindex=\"0\" role=\"button\"><div class=\"title\"><span class=\"num\">13<\/span><i class=\"icon-plus acc-icon-plus\" aria-hidden=\"true\"><\/i><i class=\"icon-minus acc-icon-minus\" aria-hidden=\"true\"><\/i>A MENSTRU\u00c1CI\u00d3 BEFOLY\u00c1SOLJA AZ OPER\u00c1CI\u00d3 ELV\u00c9GZ\u00c9S\u00c9T?<\/div><div class=\"answer\"><p><span style=\"color: #ffffff;\">Nem felt\u00e9tlen befoly\u00e1solja a m\u0171t\u00e9t elv\u00e9gz\u00e9s\u00e9t, m\u00e9gis \u00e9rdemesebb a menzesz gyeng\u00e9bb napjaira, vagy a menzeszek k\u00f6z\u00f6tti id\u0151pontra id\u0151z\u00edteni az altat\u00e1sos nagym\u0171t\u00e9teket.<\/span><\/p><\/div><\/div>\n<div class=\"question\" tabindex=\"0\" role=\"button\"><div class=\"title\"><span class=\"num\">14<\/span><i class=\"icon-plus acc-icon-plus\" aria-hidden=\"true\"><\/i><i class=\"icon-minus acc-icon-minus\" aria-hidden=\"true\"><\/i>MIKOR KEZDHETEK \u00daJRA SPORTOLNI A M\u0170T\u00c9TET K\u00d6VET\u0150EN?<\/div><div class=\"answer\"><p><span style=\"color: #ffffff;\">A m\u0171t\u00e9t napj\u00e1t\u00f3l sz\u00e1m\u00edtva -m\u0171t\u00e9ti t\u00edpust\u00f3l f\u00fcgg\u0151en-2-3 h\u00f3napig nem tan\u00e1csolt elkezdeni b\u00e1rmilyen sporttev\u00e9kenys\u00e9get, azt k\u00f6vet\u0151en pedig fokozatosan lehet vissza\u00e1llni megszokott sport tev\u00e9kenys\u00e9g\u00e9re.<\/span><\/p><\/div><\/div>\n<div class=\"question\" tabindex=\"0\" role=\"button\"><div class=\"title\"><span class=\"num\">15<\/span><i class=\"icon-plus acc-icon-plus\" aria-hidden=\"true\"><\/i><i class=\"icon-minus acc-icon-minus\" aria-hidden=\"true\"><\/i>\u00c9RDEMES A SZ\u00dcL\u00c9S EL\u0150TT MELLPLASZTIK\u00c1T CSIN\u00c1LTATNI?<\/div><div class=\"answer\"><p><span style=\"color: #ffffff;\">Az implant\u00e1ci\u00f3 nem befoly\u00e1solja a k\u00e9s\u0151bbi gyermekv\u00e1llal\u00e1st, felvarr\u00e1s eset\u00e9n azonban nem sok es\u00e9ly marad a szoptat\u00e1sra. Amennyiben csal\u00e1dalap\u00edt\u00e1st tervez, \u00e9rdemes v\u00e1rni, \u00e9s a tervezett bab\u00e1k ut\u00e1n, a szoptat\u00e1s elhagy\u00e1s\u00e1t k\u00f6vet\u0151 6 h\u00f3nap eltelte ut\u00e1n javasolt felkeresnie plasztikai seb\u00e9szet\u00fcnket.<\/span><\/p><\/div><\/div>\n<div class=\"question\" tabindex=\"0\" role=\"button\"><div class=\"title\"><span class=\"num\">16<\/span><i class=\"icon-plus acc-icon-plus\" aria-hidden=\"true\"><\/i><i class=\"icon-minus acc-icon-minus\" aria-hidden=\"true\"><\/i>SZ\u00dcL\u00c9S UT\u00c1N MENNYI ID\u0150VEL LEHETS\u00c9GES MELLM\u0170T\u00c9TET V\u00c9GEZNI?<\/div><div class=\"answer\"><p><span style=\"color: #ffffff;\">Sz\u00fcl\u00e9s ut\u00e1n, a szoptat\u00e1s elhagy\u00e1s\u00e1t k\u00f6vet\u0151 6 h\u00f3nap eltelt\u00e9vel van lehet\u0151s\u00e9g mellm\u0171t\u00e9tet v\u00e9gezni, ennyi id\u0151 sz\u00fcks\u00e9ges, hogy vissza\u00e1lljon melle a szoptat\u00e1s el\u0151tti \u00e1llapotra. Az ultrahang felv\u00e9tel alapj\u00e1n orvosa sz\u00e1m\u00e1ra l\u00e1that\u00f3, ha m\u00e9g v\u00e1rni \u00e9rdemes.<\/span><\/p><\/div><\/div>\n<div class=\"question\" tabindex=\"0\" role=\"button\"><div class=\"title\"><span class=\"num\">17<\/span><i class=\"icon-plus acc-icon-plus\" aria-hidden=\"true\"><\/i><i class=\"icon-minus acc-icon-minus\" aria-hidden=\"true\"><\/i>SZABAD EMELNI A M\u0170T\u00c9T UT\u00c1N?<\/div><div class=\"answer\"><p><span style=\"color: #ffffff;\">A harmadik h\u00e9tt\u0151l kisebb s\u00falyt (5 kg alatt) szabad emelni, amennyiben kezel\u0151orvosa ezt meger\u0151s\u00edti a kontrollvizsg\u00e1lat sor\u00e1n. Enn\u00e9l nagyobb s\u00faly csak h\u00e1rom h\u00f3nap eltelt\u00e9vel emelhet\u0151.<\/span><\/p><\/div><\/div>\n<div class=\"question\" tabindex=\"0\" role=\"button\"><div class=\"title\"><span class=\"num\">18<\/span><i class=\"icon-plus acc-icon-plus\" aria-hidden=\"true\"><\/i><i class=\"icon-minus acc-icon-minus\" aria-hidden=\"true\"><\/i>MENNYI ID\u0150K\u00d6Z\u00d6NK\u00c9NT KELL CSER\u00c9LNI AZ EML\u0150IMPLANT\u00c1TUMOT?<\/div><div class=\"answer\"><p><span style=\"color: #ffffff;\">A gy\u00e1rt\u00f3 c\u00e9gek \u00e1ltal\u00e1ban \u00e9lettartam garanci\u00e1t \u00edg\u00e9rnek, de a ma forgalomban l\u00e9v\u0151 implant\u00e1tumokat \u00e1ltal\u00e1ban 15-20 \u00e9v eltelt\u00e9vel cser\u00e9lni sz\u00fcks\u00e9ges. B\u00e1r a modern implant\u00e1tumok ak\u00e1r \u00e9let\u00fcnk v\u00e9g\u00e9ig is s\u00e9rtetlenek maradnak, azonban saj\u00e1t sz\u00f6vetjeink \u00e1talakul\u00e1sa a t\u00f6bblet s\u00faly \u00e9s gravit\u00e1ci\u00f3 miatt sz\u00fcks\u00e9gess\u00e9 teheti az implant\u00e1tumcser\u00e9t.<\/span><\/p><\/div><\/div>\n<div class=\"question\" tabindex=\"0\" role=\"button\"><div class=\"title\"><span class=\"num\">19<\/span><i class=\"icon-plus acc-icon-plus\" aria-hidden=\"true\"><\/i><i class=\"icon-minus acc-icon-minus\" aria-hidden=\"true\"><\/i>MIKOR \u00c9RHETI V\u00cdZ AZ OPER\u00c1LT TESTR\u00c9SZT?<\/div><div class=\"answer\"><p><span style=\"color: #ffffff;\">Mellplasztika eset\u00e9n a m\u0171t\u00e9t ut\u00e1ni harmadik h\u00e9ten \u00e9rheti v\u00edz a hegeket. Hasplasztika eset\u00e9n a drain kiv\u00e9tel\u00e9t k\u00f6vet\u0151en lehet f\u00fcr\u00f6dni. Mindenk\u00e9pp \u00e9rdemes megv\u00e1rni a varratszed\u00e9st, a varratokat ugyanis \u00e1ztat\u00f3 v\u00edz nem \u00e9rheti.<\/span><\/p><\/div><\/div>\n<div class=\"question\" tabindex=\"0\" role=\"button\"><div class=\"title\"><span class=\"num\">20<\/span><i class=\"icon-plus acc-icon-plus\" aria-hidden=\"true\"><\/i><i class=\"icon-minus acc-icon-minus\" aria-hidden=\"true\"><\/i>SZABAD REP\u00dcLNI A M\u0170T\u00c9TEM UT\u00c1N?<\/div><div class=\"answer\"><p><span style=\"color: #ffffff;\">A m\u0171t\u00e9t ut\u00e1n legkor\u00e1bban h\u00e1rom h\u00e9ttel megengedett rep\u00fcl\u0151re sz\u00e1llni. A m\u0171t\u00e9tet k\u00f6vet\u0151en a rep\u00fcl\u00e9shez sz\u00fcks\u00e9g eset\u00e9n v\u00e9rh\u00edg\u00edt\u00f3 kezel\u00e9st javasolhat kezel\u0151orvosa.<\/span><\/p><\/div><\/div>\n<\/div><\/div>\n\t\t\t\t<\/div>\n\t\t\t\t<\/div>\n\t\t\t\t<div class=\"elementor-element elementor-element-025c9af elementor-widget elementor-widget-spacer\" data-id=\"025c9af\" data-element_type=\"widget\" data-e-type=\"widget\" data-widget_type=\"spacer.default\">\n\t\t\t\t<div class=\"elementor-widget-container\">\n\t\t\t\t\t\t\t<div class=\"elementor-spacer\">\n\t\t\t<div class=\"elementor-spacer-inner\"><\/div>\n\t\t<\/div>\n\t\t\t\t\t\t<\/div>\n\t\t\t\t<\/div>\n\t\t\t\t\t<\/div>\n\t\t<\/div>\n\t\t\t\t\t<\/div>\n\t\t<\/section>\n\t\t\t\t<\/div>\n\t\t","protected":false},"excerpt":{"rendered":"<p>Frequently asked questions 1VIHETEK MAGAMMAL K\u00cdS\u00c9R\u0150T A KONZULT\u00c1CI\u00d3RA? Term\u00e9szetesen van r\u00e1 lehet\u0151s\u00e9g, hogy egy k\u00eds\u00e9r\u0151 r\u00e9szt vegyen konzult\u00e1ci\u00f3j\u00e1n, amikor v\u00e1laszt\u00e1sra ker\u00fcl a sor pl. a mellimplant\u00e1tum<span class=\"excerpt-hellip\"> [\u2026]<\/span><\/p>\n","protected":false},"author":3,"featured_media":0,"parent":0,"menu_order":0,"comment_status":"closed","ping_status":"closed","template":"","meta":{"footnotes":""},"class_list":["post-6493","page","type-page","status-publish","hentry"],"yoast_head":"<!-- This site is optimized with the Yoast SEO plugin v27.5 - https:\/\/yoast.com\/product\/yoast-seo-wordpress\/ -->\n<title>F.A.Q. - Spirit Plasztika<\/title>\n<meta name=\"robots\" content=\"index, follow, max-snippet:-1, max-image-preview:large, max-video-preview:-1\" \/>\n<link rel=\"canonical\" href=\"https:\/\/spiritplasztika.hu\/en\/faq\/\" \/>\n<meta property=\"og:locale\" content=\"en_US\" \/>\n<meta property=\"og:type\" content=\"article\" \/>\n<meta property=\"og:title\" content=\"F.A.Q. - Spirit Plasztika\" \/>\n<meta property=\"og:description\" content=\"Frequently asked questions 1VIHETEK MAGAMMAL K\u00cdS\u00c9R\u0150T A KONZULT\u00c1CI\u00d3RA? Term\u00e9szetesen van r\u00e1 lehet\u0151s\u00e9g, hogy egy k\u00eds\u00e9r\u0151 r\u00e9szt vegyen konzult\u00e1ci\u00f3j\u00e1n, amikor v\u00e1laszt\u00e1sra ker\u00fcl a sor pl. a mellimplant\u00e1tum [\u2026]\" \/>\n<meta property=\"og:url\" content=\"https:\/\/spiritplasztika.hu\/en\/faq\/\" \/>\n<meta property=\"og:site_name\" content=\"Spirit Plasztika\" \/>\n<meta property=\"article:modified_time\" content=\"2024-10-04T12:59:37+00:00\" \/>\n<meta name=\"twitter:card\" content=\"summary_large_image\" \/>\n<meta name=\"twitter:label1\" content=\"Est. reading time\" \/>\n\t<meta name=\"twitter:data1\" content=\"4 minutes\" \/>\n<script type=\"application\/ld+json\" class=\"yoast-schema-graph\">{\"@context\":\"https:\\\/\\\/schema.org\",\"@graph\":[{\"@type\":\"WebPage\",\"@id\":\"https:\\\/\\\/spiritplasztika.hu\\\/en\\\/faq\\\/\",\"url\":\"https:\\\/\\\/spiritplasztika.hu\\\/en\\\/faq\\\/\",\"name\":\"F.A.Q. - Spirit Plasztika\",\"isPartOf\":{\"@id\":\"https:\\\/\\\/spiritplasztika.hu\\\/#website\"},\"datePublished\":\"2022-07-06T20:15:03+00:00\",\"dateModified\":\"2024-10-04T12:59:37+00:00\",\"breadcrumb\":{\"@id\":\"https:\\\/\\\/spiritplasztika.hu\\\/en\\\/faq\\\/#breadcrumb\"},\"inLanguage\":\"en-US\",\"potentialAction\":[{\"@type\":\"ReadAction\",\"target\":[\"https:\\\/\\\/spiritplasztika.hu\\\/en\\\/faq\\\/\"]}]},{\"@type\":\"BreadcrumbList\",\"@id\":\"https:\\\/\\\/spiritplasztika.hu\\\/en\\\/faq\\\/#breadcrumb\",\"itemListElement\":[{\"@type\":\"ListItem\",\"position\":1,\"name\":\"Kezd\u0151lap\",\"item\":\"https:\\\/\\\/spiritplasztika.hu\\\/en\\\/\"},{\"@type\":\"ListItem\",\"position\":2,\"name\":\"F.A.Q.\"}]},{\"@type\":\"WebSite\",\"@id\":\"https:\\\/\\\/spiritplasztika.hu\\\/#website\",\"url\":\"https:\\\/\\\/spiritplasztika.hu\\\/\",\"name\":\"Spirit Plasztika\",\"description\":\"Plasztikai seb\u00e9szet\",\"publisher\":{\"@id\":\"https:\\\/\\\/spiritplasztika.hu\\\/#organization\"},\"potentialAction\":[{\"@type\":\"SearchAction\",\"target\":{\"@type\":\"EntryPoint\",\"urlTemplate\":\"https:\\\/\\\/spiritplasztika.hu\\\/?s={search_term_string}\"},\"query-input\":{\"@type\":\"PropertyValueSpecification\",\"valueRequired\":true,\"valueName\":\"search_term_string\"}}],\"inLanguage\":\"en-US\"},{\"@type\":\"Organization\",\"@id\":\"https:\\\/\\\/spiritplasztika.hu\\\/#organization\",\"name\":\"Spirit Plasztika\",\"url\":\"https:\\\/\\\/spiritplasztika.hu\\\/\",\"logo\":{\"@type\":\"ImageObject\",\"inLanguage\":\"en-US\",\"@id\":\"https:\\\/\\\/spiritplasztika.hu\\\/#\\\/schema\\\/logo\\\/image\\\/\",\"url\":\"https:\\\/\\\/spiritplasztika.hu\\\/wp-content\\\/uploads\\\/2022\\\/06\\\/SpiritPlasztika_logo_arany-1.png\",\"contentUrl\":\"https:\\\/\\\/spiritplasztika.hu\\\/wp-content\\\/uploads\\\/2022\\\/06\\\/SpiritPlasztika_logo_arany-1.png\",\"width\":1789,\"height\":928,\"caption\":\"Spirit Plasztika\"},\"image\":{\"@id\":\"https:\\\/\\\/spiritplasztika.hu\\\/#\\\/schema\\\/logo\\\/image\\\/\"}}]}<\/script>\n<!-- \/ Yoast SEO plugin. -->","yoast_head_json":{"title":"F.A.Q. - Spirit Plasztika","robots":{"index":"index","follow":"follow","max-snippet":"max-snippet:-1","max-image-preview":"max-image-preview:large","max-video-preview":"max-video-preview:-1"},"canonical":"https:\/\/spiritplasztika.hu\/en\/faq\/","og_locale":"en_US","og_type":"article","og_title":"F.A.Q. - Spirit Plasztika","og_description":"Frequently asked questions 1VIHETEK MAGAMMAL K\u00cdS\u00c9R\u0150T A KONZULT\u00c1CI\u00d3RA? Term\u00e9szetesen van r\u00e1 lehet\u0151s\u00e9g, hogy egy k\u00eds\u00e9r\u0151 r\u00e9szt vegyen konzult\u00e1ci\u00f3j\u00e1n, amikor v\u00e1laszt\u00e1sra ker\u00fcl a sor pl. a mellimplant\u00e1tum [\u2026]","og_url":"https:\/\/spiritplasztika.hu\/en\/faq\/","og_site_name":"Spirit Plasztika","article_modified_time":"2024-10-04T12:59:37+00:00","twitter_card":"summary_large_image","twitter_misc":{"Est. reading time":"4 minutes"},"schema":{"@context":"https:\/\/schema.org","@graph":[{"@type":"WebPage","@id":"https:\/\/spiritplasztika.hu\/en\/faq\/","url":"https:\/\/spiritplasztika.hu\/en\/faq\/","name":"F.A.Q. - Spirit Plasztika","isPartOf":{"@id":"https:\/\/spiritplasztika.hu\/#website"},"datePublished":"2022-07-06T20:15:03+00:00","dateModified":"2024-10-04T12:59:37+00:00","breadcrumb":{"@id":"https:\/\/spiritplasztika.hu\/en\/faq\/#breadcrumb"},"inLanguage":"en-US","potentialAction":[{"@type":"ReadAction","target":["https:\/\/spiritplasztika.hu\/en\/faq\/"]}]},{"@type":"BreadcrumbList","@id":"https:\/\/spiritplasztika.hu\/en\/faq\/#breadcrumb","itemListElement":[{"@type":"ListItem","position":1,"name":"Kezd\u0151lap","item":"https:\/\/spiritplasztika.hu\/en\/"},{"@type":"ListItem","position":2,"name":"F.A.Q."}]},{"@type":"WebSite","@id":"https:\/\/spiritplasztika.hu\/#website","url":"https:\/\/spiritplasztika.hu\/","name":"Spirit Plasztika","description":"Plasztikai seb\u00e9szet","publisher":{"@id":"https:\/\/spiritplasztika.hu\/#organization"},"potentialAction":[{"@type":"SearchAction","target":{"@type":"EntryPoint","urlTemplate":"https:\/\/spiritplasztika.hu\/?s={search_term_string}"},"query-input":{"@type":"PropertyValueSpecification","valueRequired":true,"valueName":"search_term_string"}}],"inLanguage":"en-US"},{"@type":"Organization","@id":"https:\/\/spiritplasztika.hu\/#organization","name":"Spirit Plasztika","url":"https:\/\/spiritplasztika.hu\/","logo":{"@type":"ImageObject","inLanguage":"en-US","@id":"https:\/\/spiritplasztika.hu\/#\/schema\/logo\/image\/","url":"https:\/\/spiritplasztika.hu\/wp-content\/uploads\/2022\/06\/SpiritPlasztika_logo_arany-1.png","contentUrl":"https:\/\/spiritplasztika.hu\/wp-content\/uploads\/2022\/06\/SpiritPlasztika_logo_arany-1.png","width":1789,"height":928,"caption":"Spirit Plasztika"},"image":{"@id":"https:\/\/spiritplasztika.hu\/#\/schema\/logo\/image\/"}}]}},"_links":{"self":[{"href":"https:\/\/spiritplasztika.hu\/en\/wp-json\/wp\/v2\/pages\/6493","targetHints":{"allow":["GET"]}}],"collection":[{"href":"https:\/\/spiritplasztika.hu\/en\/wp-json\/wp\/v2\/pages"}],"about":[{"href":"https:\/\/spiritplasztika.hu\/en\/wp-json\/wp\/v2\/types\/page"}],"author":[{"embeddable":true,"href":"https:\/\/spiritplasztika.hu\/en\/wp-json\/wp\/v2\/users\/3"}],"replies":[{"embeddable":true,"href":"https:\/\/spiritplasztika.hu\/en\/wp-json\/wp\/v2\/comments?post=6493"}],"version-history":[{"count":5,"href":"https:\/\/spiritplasztika.hu\/en\/wp-json\/wp\/v2\/pages\/6493\/revisions"}],"predecessor-version":[{"id":6499,"href":"https:\/\/spiritplasztika.hu\/en\/wp-json\/wp\/v2\/pages\/6493\/revisions\/6499"}],"wp:attachment":[{"href":"https:\/\/spiritplasztika.hu\/en\/wp-json\/wp\/v2\/media?parent=6493"}],"curies":[{"name":"wp","href":"https:\/\/api.w.org\/{rel}","templated":true}]}}