{"id":6545,"date":"2022-07-10T11:04:53","date_gmt":"2022-07-10T11:04:53","guid":{"rendered":"https:\/\/spiritplasztika.hu\/breast-surgery\/gynecomastia-mutet\/"},"modified":"2024-10-14T12:26:30","modified_gmt":"2024-10-14T12:26:30","slug":"gynecomastia-surgery","status":"publish","type":"page","link":"https:\/\/spiritplasztika.hu\/en\/breast-surgery\/gynecomastia-surgery\/","title":{"rendered":"Gynecomastia \u2013 Male Breast Reduction"},"content":{"rendered":"\t\t<div data-elementor-type=\"wp-page\" data-elementor-id=\"6545\" class=\"elementor elementor-6545 elementor-645\">\n\t\t\t\t\t\t<section class=\"elementor-section elementor-top-section elementor-element elementor-element-e953803 elementor-section-boxed elementor-section-height-default elementor-section-height-default\" data-id=\"e953803\" data-element_type=\"section\" data-e-type=\"section\">\n\t\t\t\t\t\t<div class=\"elementor-container elementor-column-gap-default\">\n\t\t\t\t\t<div class=\"elementor-column elementor-col-100 elementor-top-column elementor-element elementor-element-43d7b2f\" data-id=\"43d7b2f\" data-element_type=\"column\" data-e-type=\"column\">\n\t\t\t<div class=\"elementor-widget-wrap elementor-element-populated\">\n\t\t\t\t\t\t<div class=\"elementor-element elementor-element-43c0f3d elementor-hidden-tablet elementor-widget elementor-widget-spacer\" data-id=\"43c0f3d\" data-element_type=\"widget\" data-e-type=\"widget\" data-widget_type=\"spacer.default\">\n\t\t\t\t<div class=\"elementor-widget-container\">\n\t\t\t\t\t\t\t<div class=\"elementor-spacer\">\n\t\t\t<div class=\"elementor-spacer-inner\"><\/div>\n\t\t<\/div>\n\t\t\t\t\t\t<\/div>\n\t\t\t\t<\/div>\n\t\t\t\t<div class=\"elementor-element elementor-element-6b636ad elementor-widget elementor-widget-heading\" data-id=\"6b636ad\" data-element_type=\"widget\" data-e-type=\"widget\" data-widget_type=\"heading.default\">\n\t\t\t\t<div class=\"elementor-widget-container\">\n\t\t\t\t\t<h1 class=\"elementor-heading-title elementor-size-default\">Gynecomastia \u2013 Male Breast Reduction<\/h1>\t\t\t\t<\/div>\n\t\t\t\t<\/div>\n\t\t\t\t\t<\/div>\n\t\t<\/div>\n\t\t\t\t\t<\/div>\n\t\t<\/section>\n\t\t\t\t<section class=\"elementor-section elementor-top-section elementor-element elementor-element-41acf66 elementor-section-stretched elementor-section-boxed elementor-section-height-default elementor-section-height-default\" data-id=\"41acf66\" data-element_type=\"section\" data-e-type=\"section\" data-settings=\"{&quot;stretch_section&quot;:&quot;section-stretched&quot;}\">\n\t\t\t\t\t\t<div class=\"elementor-container elementor-column-gap-default\">\n\t\t\t\t\t<div class=\"elementor-column elementor-col-100 elementor-top-column elementor-element elementor-element-205b92f\" data-id=\"205b92f\" data-element_type=\"column\" data-e-type=\"column\">\n\t\t\t<div class=\"elementor-widget-wrap elementor-element-populated\">\n\t\t\t\t\t\t<section class=\"elementor-section elementor-inner-section elementor-element elementor-element-6dca121 elementor-section-full_width elementor-section-height-default elementor-section-height-default\" data-id=\"6dca121\" data-element_type=\"section\" data-e-type=\"section\">\n\t\t\t\t\t\t<div class=\"elementor-container elementor-column-gap-default\">\n\t\t\t\t\t<div class=\"elementor-column elementor-col-33 elementor-inner-column elementor-element elementor-element-50ffa83\" data-id=\"50ffa83\" data-element_type=\"column\" data-e-type=\"column\">\n\t\t\t<div class=\"elementor-widget-wrap elementor-element-populated\">\n\t\t\t\t\t\t<div class=\"elementor-element elementor-element-5c6772c elementor-widget-divider--view-line elementor-widget elementor-widget-divider\" data-id=\"5c6772c\" data-element_type=\"widget\" data-e-type=\"widget\" data-widget_type=\"divider.default\">\n\t\t\t\t<div class=\"elementor-widget-container\">\n\t\t\t\t\t\t\t<div class=\"elementor-divider\">\n\t\t\t<span class=\"elementor-divider-separator\">\n\t\t\t\t\t\t<\/span>\n\t\t<\/div>\n\t\t\t\t\t\t<\/div>\n\t\t\t\t<\/div>\n\t\t\t\t\t<\/div>\n\t\t<\/div>\n\t\t\t\t<div class=\"elementor-column elementor-col-33 elementor-inner-column elementor-element elementor-element-24e1825\" data-id=\"24e1825\" data-element_type=\"column\" data-e-type=\"column\">\n\t\t\t<div class=\"elementor-widget-wrap elementor-element-populated\">\n\t\t\t\t\t\t<div class=\"elementor-element elementor-element-7e27c20 elementor-widget elementor-widget-image\" data-id=\"7e27c20\" data-element_type=\"widget\" data-e-type=\"widget\" data-widget_type=\"image.default\">\n\t\t\t\t<div class=\"elementor-widget-container\">\n\t\t\t\t\t\t\t\t\t\t\t\t\t\t\t<img fetchpriority=\"high\" decoding=\"async\" width=\"1000\" height=\"540\" src=\"https:\/\/spiritplasztika.hu\/wp-content\/uploads\/2023\/04\/spirit-slider-2-logo-1.png\" class=\"attachment-full size-full wp-image-4416\" alt=\"spirit log\u00f3 r\u00e9sz\" srcset=\"https:\/\/spiritplasztika.hu\/wp-content\/uploads\/2023\/04\/spirit-slider-2-logo-1.png 1000w, https:\/\/spiritplasztika.hu\/wp-content\/uploads\/2023\/04\/spirit-slider-2-logo-1-300x162.png 300w, https:\/\/spiritplasztika.hu\/wp-content\/uploads\/2023\/04\/spirit-slider-2-logo-1-768x415.png 768w, https:\/\/spiritplasztika.hu\/wp-content\/uploads\/2023\/04\/spirit-slider-2-logo-1-260x140.png 260w, https:\/\/spiritplasztika.hu\/wp-content\/uploads\/2023\/04\/spirit-slider-2-logo-1-50x27.png 50w, https:\/\/spiritplasztika.hu\/wp-content\/uploads\/2023\/04\/spirit-slider-2-logo-1-139x75.png 139w\" sizes=\"(max-width:767px) 480px, (max-width:1000px) 100vw, 1000px\" \/>\t\t\t\t\t\t\t\t\t\t\t\t\t\t\t<\/div>\n\t\t\t\t<\/div>\n\t\t\t\t\t<\/div>\n\t\t<\/div>\n\t\t\t\t<div class=\"elementor-column elementor-col-33 elementor-inner-column elementor-element elementor-element-d8364d0\" data-id=\"d8364d0\" data-element_type=\"column\" data-e-type=\"column\">\n\t\t\t<div class=\"elementor-widget-wrap elementor-element-populated\">\n\t\t\t\t\t\t<div class=\"elementor-element elementor-element-dd87f6f elementor-widget-divider--view-line elementor-widget elementor-widget-divider\" data-id=\"dd87f6f\" data-element_type=\"widget\" data-e-type=\"widget\" data-widget_type=\"divider.default\">\n\t\t\t\t<div class=\"elementor-widget-container\">\n\t\t\t\t\t\t\t<div class=\"elementor-divider\">\n\t\t\t<span class=\"elementor-divider-separator\">\n\t\t\t\t\t\t<\/span>\n\t\t<\/div>\n\t\t\t\t\t\t<\/div>\n\t\t\t\t<\/div>\n\t\t\t\t\t<\/div>\n\t\t<\/div>\n\t\t\t\t\t<\/div>\n\t\t<\/section>\n\t\t\t\t\t<\/div>\n\t\t<\/div>\n\t\t\t\t\t<\/div>\n\t\t<\/section>\n\t\t\t\t<section class=\"elementor-section elementor-top-section elementor-element elementor-element-1c0eff6 elementor-section-boxed elementor-section-height-default elementor-section-height-default\" data-id=\"1c0eff6\" data-element_type=\"section\" data-e-type=\"section\">\n\t\t\t\t\t\t<div class=\"elementor-container elementor-column-gap-default\">\n\t\t\t\t\t<div class=\"elementor-column elementor-col-100 elementor-top-column elementor-element elementor-element-699198c\" data-id=\"699198c\" data-element_type=\"column\" data-e-type=\"column\">\n\t\t\t<div class=\"elementor-widget-wrap elementor-element-populated\">\n\t\t\t\t\t\t<div class=\"elementor-element elementor-element-94e4c6f elementor-widget elementor-widget-text-editor\" data-id=\"94e4c6f\" data-element_type=\"widget\" data-e-type=\"widget\" data-widget_type=\"text-editor.default\">\n\t\t\t\t<div class=\"elementor-widget-container\">\n\t\t\t\t\t\t\t\t\t<p><span style=\"font-weight: 400;\">Breast implant replacement is a fundamental procedure in modern plastic surgery, necessitated by the passage of time and lifestyle changes. At Spirit Plastic Surgery, we ensure that the replacement of implants is not only functional but also achieves perfect aesthetic results with our high-level medical expertise and latest technologies. Each procedure is planned according to the individual needs of the patient, ensuring that the new implants harmoniously match the natural body contour and maintain their shape and quality over the long term. Breast implant replacement offers an opportunity not only to refresh previous implants but also to adjust the shape, size, and feel of the breasts to better meet your expectations and aesthetic goals.<\/span><\/p><p><span style=\"font-weight: 400;\">\u00a0<\/span><\/p><h3><b>When is Breast Implant Replacement Necessary?<\/b><\/h3><p><span style=\"font-weight: 400;\">Breast implant replacement is typically necessary when the inserted implants age, which is inevitable over time. Manufacturers usually recommend a lifespan of 10-15 years for implants, after which it is advisable to review their condition. However, various physiological and aesthetic reasons might also necessitate a replacement:<\/span><\/p><p><span style=\"letter-spacing: 0px;\">Capsular Contracture<\/span><span style=\"font-weight: 400; letter-spacing: 0px;\">: This can cause hardening and pain in the breasts due to excessive thickening of the scar tissue around the implanted implant. This phenomenon can lead to deformation and displacement of the implant, which can be problematic both aesthetically and in terms of comfort.<\/span><\/p><p><span style=\"font-weight: 400; letter-spacing: 0px;\">\u00a0<\/span><\/p><ul><li style=\"font-weight: 400;\" aria-level=\"1\"><b>Implant Displacement or Damage<\/b><span style=\"font-weight: 400;\">: If an implant shifts from its original position or is damaged, such as leakage or rupture, urgent replacement is needed to prevent further complications, such as leakage of silicone gel.<\/span><\/li><\/ul><div>\u00a0<\/div><ul><li style=\"font-weight: 400;\" aria-level=\"1\"><b>Aesthetic Reasons<\/b><span style=\"font-weight: 400;\">: Many patients decide to change the size, shape, or type of implants to better meet their current aesthetic needs or to adapt to changes in their body.<\/span><\/li><\/ul><div>\u00a0<\/div><ul><li style=\"font-weight: 400;\" aria-level=\"1\"><b>Physiological Changes<\/b><span style=\"font-weight: 400;\">: Changes in the body, such as significant weight change, pregnancy, or breastfeeding, can alter the shape and size of the breasts, which may also justify the replacement of implants.<\/span><\/li><\/ul><div>\u00a0<\/div><p><span style=\"font-weight: 400;\">For these reasons, it is important to regularly participate in control examinations to review the condition of breast implants and consult with your plastic surgeon to develop the best possible treatment plan. The experts at Spirit Plastic Surgery are ready to assist you in achieving safe and satisfactory results.<\/span><\/p><p><span style=\"font-weight: 400;\">\u00a0<\/span><\/p><h3><b>The Process of Breast Implant Replacement<\/b><\/h3><p><span style=\"font-weight: 400;\">Breast implant replacement is a complex surgical procedure that involves removing aged or damaged implants and inserting new, modern implants. At Spirit Plastic Surgery, each step of the surgery is personalized and uses the latest surgical techniques to achieve the best aesthetic and functional results.<\/span><\/p><p><span style=\"font-weight: 400;\">\u00a0<\/span><\/p><h3><b>Surgical Preparations<\/b><\/h3><p><span style=\"font-weight: 400;\">Before our patient goes to the operating table, they undergo a thorough preparatory process, which includes necessary laboratory tests, ECG, breast ultrasound, mammography, and X-rays if needed. This detailed preparation ensures that the surgery is performed as safely and comfortably as possible for the patient.<\/span><\/p><p><span style=\"font-weight: 400;\">\u00a0<\/span><\/p><h3><b>The Procedure<\/b><\/h3><p><span style=\"font-weight: 400;\">During the surgery, we first remove the old implants and any possibly damaged capsules. Depending on the patient&#8217;s needs and medical indications, the new implants are placed either under the pectoral muscle or directly under the breast gland. The often-used dual plane technique allows for the ideal positioning of the implant, contributing to a natural-looking final result.<\/span><\/p><p><span style=\"font-weight: 400;\">\u00a0<\/span><\/p><h3><b>Post-Surgical Healing and Care<\/b><\/h3><p><span style=\"font-weight: 400;\">After the surgery, patients typically spend one night in the hospital so that our specialists can continuously monitor their condition. During recovery, patients are required to wear a compression bra, which helps reduce swelling and supports the new implants in staying in place. It is important to limit physical activity for the first 6-8 weeks after surgery, during which the patient can gradually return to normal life activities. Regular medical checks, which occur at every stage of post-surgical recovery, ensure optimal results and timely treatment of any complications.<\/span><\/p><p><span style=\"font-weight: 400;\">\u00a0<\/span><\/p><h3><b>Cost of Breast Implant Replacement<\/b><\/h3><p><span style=\"font-weight: 400;\">The costs of breast implant replacement vary as they depend on several factors, such as the complexity of the procedure and the type of implants used. We provide each patient with a personalized quote that accurately reflects their needs and the specifics of the surgery. For the most accurate price information and to fully understand your financial options, please visit the prices section on our website. If you would like to consult directly with our experts or schedule an appointment, please call us at +36 1 445 0108. We look forward to your inquiry to help you achieve your desired aesthetic results.<\/span><\/p><p><span style=\"font-weight: 400;\">Book an online consultation appointment now!<\/span><\/p>\t\t\t\t\t\t\t\t<\/div>\n\t\t\t\t<\/div>\n\t\t\t\t<div class=\"elementor-element elementor-element-b7ab240 elementor-widget elementor-widget-spacer\" data-id=\"b7ab240\" data-element_type=\"widget\" data-e-type=\"widget\" data-widget_type=\"spacer.default\">\n\t\t\t\t<div class=\"elementor-widget-container\">\n\t\t\t\t\t\t\t<div class=\"elementor-spacer\">\n\t\t\t<div class=\"elementor-spacer-inner\"><\/div>\n\t\t<\/div>\n\t\t\t\t\t\t<\/div>\n\t\t\t\t<\/div>\n\t\t\t\t\t<\/div>\n\t\t<\/div>\n\t\t\t\t\t<\/div>\n\t\t<\/section>\n\t\t\t\t<\/div>\n\t\t","protected":false},"excerpt":{"rendered":"<p>Fedezze fel a gynecomastia m\u0171t\u00e9t lehet\u0151s\u00e9geit a Spirit Plasztik\u00e1n\u00e1l, \u00e9s \u00e1ll\u00edtsa vissza mellkas\u00e1nak f\u00e9rfias megjelen\u00e9s\u00e9t!<\/p>\n","protected":false},"author":1,"featured_media":5198,"parent":6448,"menu_order":0,"comment_status":"closed","ping_status":"closed","template":"","meta":{"footnotes":""},"class_list":["post-6545","page","type-page","status-publish","has-post-thumbnail","hentry"],"yoast_head":"<!-- This site is optimized with the Yoast SEO plugin v27.5 - https:\/\/yoast.com\/product\/yoast-seo-wordpress\/ -->\n<title>Gynecomastia \u2013 Male Breast Reduction - Spirit Plasztika<\/title>\n<meta name=\"description\" content=\"Fedezze fel a gynecomastia m\u0171t\u00e9t lehet\u0151s\u00e9geit a Spirit Plasztik\u00e1n\u00e1l, \u00e9s \u00e1ll\u00edtsa vissza mellkas\u00e1nak f\u00e9rfias megjelen\u00e9s\u00e9t!\" \/>\n<meta name=\"robots\" content=\"index, follow, max-snippet:-1, max-image-preview:large, max-video-preview:-1\" \/>\n<link rel=\"canonical\" href=\"https:\/\/spiritplasztika.hu\/mellplasztika\/gynecomastia-mutet\/\" \/>\n<meta property=\"og:locale\" content=\"en_US\" \/>\n<meta property=\"og:type\" content=\"article\" \/>\n<meta property=\"og:title\" content=\"Gynecomastia \u2013 Male Breast Reduction - Spirit Plasztika\" \/>\n<meta property=\"og:description\" content=\"Fedezze fel a gynecomastia m\u0171t\u00e9t lehet\u0151s\u00e9geit a Spirit Plasztik\u00e1n\u00e1l, \u00e9s \u00e1ll\u00edtsa vissza mellkas\u00e1nak f\u00e9rfias megjelen\u00e9s\u00e9t!\" \/>\n<meta property=\"og:url\" content=\"https:\/\/spiritplasztika.hu\/mellplasztika\/gynecomastia-mutet\/\" \/>\n<meta property=\"og:site_name\" content=\"Spirit Plasztika\" \/>\n<meta property=\"article:modified_time\" content=\"2024-10-14T12:26:30+00:00\" \/>\n<meta property=\"og:image\" content=\"https:\/\/spiritplasztika.hu\/wp-content\/uploads\/2024\/06\/gynecomastia-mutet.jpg\" \/>\n\t<meta property=\"og:image:width\" content=\"600\" \/>\n\t<meta property=\"og:image:height\" content=\"400\" \/>\n\t<meta property=\"og:image:type\" content=\"image\/jpeg\" \/>\n<meta name=\"twitter:card\" content=\"summary_large_image\" \/>\n<meta name=\"twitter:label1\" content=\"Est. reading time\" \/>\n\t<meta name=\"twitter:data1\" content=\"4 minutes\" \/>\n<script type=\"application\/ld+json\" class=\"yoast-schema-graph\">{\"@context\":\"https:\\\/\\\/schema.org\",\"@graph\":[{\"@type\":\"WebPage\",\"@id\":\"https:\\\/\\\/spiritplasztika.hu\\\/mellplasztika\\\/gynecomastia-mutet\\\/\",\"url\":\"https:\\\/\\\/spiritplasztika.hu\\\/mellplasztika\\\/gynecomastia-mutet\\\/\",\"name\":\"Gynecomastia \u2013 Male Breast Reduction - Spirit Plasztika\",\"isPartOf\":{\"@id\":\"https:\\\/\\\/spiritplasztika.hu\\\/#website\"},\"primaryImageOfPage\":{\"@id\":\"https:\\\/\\\/spiritplasztika.hu\\\/mellplasztika\\\/gynecomastia-mutet\\\/#primaryimage\"},\"image\":{\"@id\":\"https:\\\/\\\/spiritplasztika.hu\\\/mellplasztika\\\/gynecomastia-mutet\\\/#primaryimage\"},\"thumbnailUrl\":\"https:\\\/\\\/spiritplasztika.hu\\\/wp-content\\\/uploads\\\/2024\\\/06\\\/gynecomastia-mutet.jpg\",\"datePublished\":\"2022-07-10T11:04:53+00:00\",\"dateModified\":\"2024-10-14T12:26:30+00:00\",\"description\":\"Fedezze fel a gynecomastia m\u0171t\u00e9t lehet\u0151s\u00e9geit a Spirit Plasztik\u00e1n\u00e1l, \u00e9s \u00e1ll\u00edtsa vissza mellkas\u00e1nak f\u00e9rfias megjelen\u00e9s\u00e9t!\",\"breadcrumb\":{\"@id\":\"https:\\\/\\\/spiritplasztika.hu\\\/mellplasztika\\\/gynecomastia-mutet\\\/#breadcrumb\"},\"inLanguage\":\"en-US\",\"potentialAction\":[{\"@type\":\"ReadAction\",\"target\":[\"https:\\\/\\\/spiritplasztika.hu\\\/mellplasztika\\\/gynecomastia-mutet\\\/\"]}]},{\"@type\":\"ImageObject\",\"inLanguage\":\"en-US\",\"@id\":\"https:\\\/\\\/spiritplasztika.hu\\\/mellplasztika\\\/gynecomastia-mutet\\\/#primaryimage\",\"url\":\"https:\\\/\\\/spiritplasztika.hu\\\/wp-content\\\/uploads\\\/2024\\\/06\\\/gynecomastia-mutet.jpg\",\"contentUrl\":\"https:\\\/\\\/spiritplasztika.hu\\\/wp-content\\\/uploads\\\/2024\\\/06\\\/gynecomastia-mutet.jpg\",\"width\":600,\"height\":400,\"caption\":\"F\u00e9rfi mellkisebb\u00edt\u0151 m\u0171t\u00e9t.\"},{\"@type\":\"BreadcrumbList\",\"@id\":\"https:\\\/\\\/spiritplasztika.hu\\\/mellplasztika\\\/gynecomastia-mutet\\\/#breadcrumb\",\"itemListElement\":[{\"@type\":\"ListItem\",\"position\":1,\"name\":\"Kezd\u0151lap\",\"item\":\"https:\\\/\\\/spiritplasztika.hu\\\/en\\\/\"},{\"@type\":\"ListItem\",\"position\":2,\"name\":\"Breast surgery\",\"item\":\"https:\\\/\\\/spiritplasztika.hu\\\/mellplasztika\\\/\"},{\"@type\":\"ListItem\",\"position\":3,\"name\":\"Gynecomastia \u2013 Male Breast Reduction\"}]},{\"@type\":\"WebSite\",\"@id\":\"https:\\\/\\\/spiritplasztika.hu\\\/#website\",\"url\":\"https:\\\/\\\/spiritplasztika.hu\\\/\",\"name\":\"Spirit Plasztika\",\"description\":\"Plasztikai seb\u00e9szet\",\"publisher\":{\"@id\":\"https:\\\/\\\/spiritplasztika.hu\\\/#organization\"},\"potentialAction\":[{\"@type\":\"SearchAction\",\"target\":{\"@type\":\"EntryPoint\",\"urlTemplate\":\"https:\\\/\\\/spiritplasztika.hu\\\/?s={search_term_string}\"},\"query-input\":{\"@type\":\"PropertyValueSpecification\",\"valueRequired\":true,\"valueName\":\"search_term_string\"}}],\"inLanguage\":\"en-US\"},{\"@type\":\"Organization\",\"@id\":\"https:\\\/\\\/spiritplasztika.hu\\\/#organization\",\"name\":\"Spirit Plasztika\",\"url\":\"https:\\\/\\\/spiritplasztika.hu\\\/\",\"logo\":{\"@type\":\"ImageObject\",\"inLanguage\":\"en-US\",\"@id\":\"https:\\\/\\\/spiritplasztika.hu\\\/#\\\/schema\\\/logo\\\/image\\\/\",\"url\":\"https:\\\/\\\/spiritplasztika.hu\\\/wp-content\\\/uploads\\\/2022\\\/06\\\/SpiritPlasztika_logo_arany-1.png\",\"contentUrl\":\"https:\\\/\\\/spiritplasztika.hu\\\/wp-content\\\/uploads\\\/2022\\\/06\\\/SpiritPlasztika_logo_arany-1.png\",\"width\":1789,\"height\":928,\"caption\":\"Spirit Plasztika\"},\"image\":{\"@id\":\"https:\\\/\\\/spiritplasztika.hu\\\/#\\\/schema\\\/logo\\\/image\\\/\"}}]}<\/script>\n<!-- \/ Yoast SEO plugin. -->","yoast_head_json":{"title":"Gynecomastia \u2013 Male Breast Reduction - Spirit Plasztika","description":"Fedezze fel a gynecomastia m\u0171t\u00e9t lehet\u0151s\u00e9geit a Spirit Plasztik\u00e1n\u00e1l, \u00e9s \u00e1ll\u00edtsa vissza mellkas\u00e1nak f\u00e9rfias megjelen\u00e9s\u00e9t!","robots":{"index":"index","follow":"follow","max-snippet":"max-snippet:-1","max-image-preview":"max-image-preview:large","max-video-preview":"max-video-preview:-1"},"canonical":"https:\/\/spiritplasztika.hu\/mellplasztika\/gynecomastia-mutet\/","og_locale":"en_US","og_type":"article","og_title":"Gynecomastia \u2013 Male Breast Reduction - Spirit Plasztika","og_description":"Fedezze fel a gynecomastia m\u0171t\u00e9t lehet\u0151s\u00e9geit a Spirit Plasztik\u00e1n\u00e1l, \u00e9s \u00e1ll\u00edtsa vissza mellkas\u00e1nak f\u00e9rfias megjelen\u00e9s\u00e9t!","og_url":"https:\/\/spiritplasztika.hu\/mellplasztika\/gynecomastia-mutet\/","og_site_name":"Spirit Plasztika","article_modified_time":"2024-10-14T12:26:30+00:00","og_image":[{"width":600,"height":400,"url":"https:\/\/spiritplasztika.hu\/wp-content\/uploads\/2024\/06\/gynecomastia-mutet.jpg","type":"image\/jpeg"}],"twitter_card":"summary_large_image","twitter_misc":{"Est. reading time":"4 minutes"},"schema":{"@context":"https:\/\/schema.org","@graph":[{"@type":"WebPage","@id":"https:\/\/spiritplasztika.hu\/mellplasztika\/gynecomastia-mutet\/","url":"https:\/\/spiritplasztika.hu\/mellplasztika\/gynecomastia-mutet\/","name":"Gynecomastia \u2013 Male Breast Reduction - Spirit Plasztika","isPartOf":{"@id":"https:\/\/spiritplasztika.hu\/#website"},"primaryImageOfPage":{"@id":"https:\/\/spiritplasztika.hu\/mellplasztika\/gynecomastia-mutet\/#primaryimage"},"image":{"@id":"https:\/\/spiritplasztika.hu\/mellplasztika\/gynecomastia-mutet\/#primaryimage"},"thumbnailUrl":"https:\/\/spiritplasztika.hu\/wp-content\/uploads\/2024\/06\/gynecomastia-mutet.jpg","datePublished":"2022-07-10T11:04:53+00:00","dateModified":"2024-10-14T12:26:30+00:00","description":"Fedezze fel a gynecomastia m\u0171t\u00e9t lehet\u0151s\u00e9geit a Spirit Plasztik\u00e1n\u00e1l, \u00e9s \u00e1ll\u00edtsa vissza mellkas\u00e1nak f\u00e9rfias megjelen\u00e9s\u00e9t!","breadcrumb":{"@id":"https:\/\/spiritplasztika.hu\/mellplasztika\/gynecomastia-mutet\/#breadcrumb"},"inLanguage":"en-US","potentialAction":[{"@type":"ReadAction","target":["https:\/\/spiritplasztika.hu\/mellplasztika\/gynecomastia-mutet\/"]}]},{"@type":"ImageObject","inLanguage":"en-US","@id":"https:\/\/spiritplasztika.hu\/mellplasztika\/gynecomastia-mutet\/#primaryimage","url":"https:\/\/spiritplasztika.hu\/wp-content\/uploads\/2024\/06\/gynecomastia-mutet.jpg","contentUrl":"https:\/\/spiritplasztika.hu\/wp-content\/uploads\/2024\/06\/gynecomastia-mutet.jpg","width":600,"height":400,"caption":"F\u00e9rfi mellkisebb\u00edt\u0151 m\u0171t\u00e9t."},{"@type":"BreadcrumbList","@id":"https:\/\/spiritplasztika.hu\/mellplasztika\/gynecomastia-mutet\/#breadcrumb","itemListElement":[{"@type":"ListItem","position":1,"name":"Kezd\u0151lap","item":"https:\/\/spiritplasztika.hu\/en\/"},{"@type":"ListItem","position":2,"name":"Breast surgery","item":"https:\/\/spiritplasztika.hu\/mellplasztika\/"},{"@type":"ListItem","position":3,"name":"Gynecomastia \u2013 Male Breast Reduction"}]},{"@type":"WebSite","@id":"https:\/\/spiritplasztika.hu\/#website","url":"https:\/\/spiritplasztika.hu\/","name":"Spirit Plasztika","description":"Plasztikai seb\u00e9szet","publisher":{"@id":"https:\/\/spiritplasztika.hu\/#organization"},"potentialAction":[{"@type":"SearchAction","target":{"@type":"EntryPoint","urlTemplate":"https:\/\/spiritplasztika.hu\/?s={search_term_string}"},"query-input":{"@type":"PropertyValueSpecification","valueRequired":true,"valueName":"search_term_string"}}],"inLanguage":"en-US"},{"@type":"Organization","@id":"https:\/\/spiritplasztika.hu\/#organization","name":"Spirit Plasztika","url":"https:\/\/spiritplasztika.hu\/","logo":{"@type":"ImageObject","inLanguage":"en-US","@id":"https:\/\/spiritplasztika.hu\/#\/schema\/logo\/image\/","url":"https:\/\/spiritplasztika.hu\/wp-content\/uploads\/2022\/06\/SpiritPlasztika_logo_arany-1.png","contentUrl":"https:\/\/spiritplasztika.hu\/wp-content\/uploads\/2022\/06\/SpiritPlasztika_logo_arany-1.png","width":1789,"height":928,"caption":"Spirit Plasztika"},"image":{"@id":"https:\/\/spiritplasztika.hu\/#\/schema\/logo\/image\/"}}]}},"_links":{"self":[{"href":"https:\/\/spiritplasztika.hu\/en\/wp-json\/wp\/v2\/pages\/6545","targetHints":{"allow":["GET"]}}],"collection":[{"href":"https:\/\/spiritplasztika.hu\/en\/wp-json\/wp\/v2\/pages"}],"about":[{"href":"https:\/\/spiritplasztika.hu\/en\/wp-json\/wp\/v2\/types\/page"}],"author":[{"embeddable":true,"href":"https:\/\/spiritplasztika.hu\/en\/wp-json\/wp\/v2\/users\/1"}],"replies":[{"embeddable":true,"href":"https:\/\/spiritplasztika.hu\/en\/wp-json\/wp\/v2\/comments?post=6545"}],"version-history":[{"count":4,"href":"https:\/\/spiritplasztika.hu\/en\/wp-json\/wp\/v2\/pages\/6545\/revisions"}],"predecessor-version":[{"id":6549,"href":"https:\/\/spiritplasztika.hu\/en\/wp-json\/wp\/v2\/pages\/6545\/revisions\/6549"}],"up":[{"embeddable":true,"href":"https:\/\/spiritplasztika.hu\/en\/wp-json\/wp\/v2\/pages\/6448"}],"wp:featuredmedia":[{"embeddable":true,"href":"https:\/\/spiritplasztika.hu\/en\/wp-json\/wp\/v2\/media\/5198"}],"wp:attachment":[{"href":"https:\/\/spiritplasztika.hu\/en\/wp-json\/wp\/v2\/media?parent=6545"}],"curies":[{"name":"wp","href":"https:\/\/api.w.org\/{rel}","templated":true}]}}