{"id":6826,"date":"2022-07-10T12:55:10","date_gmt":"2022-07-10T12:55:10","guid":{"rendered":"https:\/\/spiritplasztika.hu\/body\/bor-alatti-lagyresz-elvaltozasok-eltavolitasa\/"},"modified":"2024-10-14T20:20:29","modified_gmt":"2024-10-14T20:20:29","slug":"removal-of-subcutaneous-soft-tissue-lesions","status":"publish","type":"page","link":"https:\/\/spiritplasztika.hu\/en\/body\/removal-of-subcutaneous-soft-tissue-lesions\/","title":{"rendered":"Removal of Subcutaneous Soft Tissue Lesions"},"content":{"rendered":"\t\t<div data-elementor-type=\"wp-page\" data-elementor-id=\"6826\" class=\"elementor elementor-6826 elementor-793\">\n\t\t\t\t\t\t<section class=\"elementor-section elementor-top-section elementor-element elementor-element-c0ad3b3 elementor-section-boxed elementor-section-height-default elementor-section-height-default\" data-id=\"c0ad3b3\" data-element_type=\"section\" data-e-type=\"section\">\n\t\t\t\t\t\t<div class=\"elementor-container elementor-column-gap-default\">\n\t\t\t\t\t<div class=\"elementor-column elementor-col-100 elementor-top-column elementor-element elementor-element-05f2561\" data-id=\"05f2561\" data-element_type=\"column\" data-e-type=\"column\">\n\t\t\t<div class=\"elementor-widget-wrap elementor-element-populated\">\n\t\t\t\t\t\t<div class=\"elementor-element elementor-element-2e27ffd elementor-hidden-tablet elementor-widget elementor-widget-spacer\" data-id=\"2e27ffd\" data-element_type=\"widget\" data-e-type=\"widget\" data-widget_type=\"spacer.default\">\n\t\t\t\t<div class=\"elementor-widget-container\">\n\t\t\t\t\t\t\t<div class=\"elementor-spacer\">\n\t\t\t<div class=\"elementor-spacer-inner\"><\/div>\n\t\t<\/div>\n\t\t\t\t\t\t<\/div>\n\t\t\t\t<\/div>\n\t\t\t\t<div class=\"elementor-element elementor-element-56bfa2f elementor-widget elementor-widget-heading\" data-id=\"56bfa2f\" data-element_type=\"widget\" data-e-type=\"widget\" data-widget_type=\"heading.default\">\n\t\t\t\t<div class=\"elementor-widget-container\">\n\t\t\t\t\t<h1 class=\"elementor-heading-title elementor-size-default\">Removal of Subcutaneous Soft Tissue Lesions\n<\/h1>\t\t\t\t<\/div>\n\t\t\t\t<\/div>\n\t\t\t\t\t<\/div>\n\t\t<\/div>\n\t\t\t\t\t<\/div>\n\t\t<\/section>\n\t\t\t\t<section class=\"elementor-section elementor-top-section elementor-element elementor-element-6d275e4 elementor-section-stretched elementor-section-boxed elementor-section-height-default elementor-section-height-default\" data-id=\"6d275e4\" data-element_type=\"section\" data-e-type=\"section\" data-settings=\"{&quot;stretch_section&quot;:&quot;section-stretched&quot;}\">\n\t\t\t\t\t\t<div class=\"elementor-container elementor-column-gap-default\">\n\t\t\t\t\t<div class=\"elementor-column elementor-col-100 elementor-top-column elementor-element elementor-element-1fc310d\" data-id=\"1fc310d\" data-element_type=\"column\" data-e-type=\"column\">\n\t\t\t<div class=\"elementor-widget-wrap elementor-element-populated\">\n\t\t\t\t\t\t<section class=\"elementor-section elementor-inner-section elementor-element elementor-element-977fc3c elementor-section-full_width elementor-section-height-default elementor-section-height-default\" data-id=\"977fc3c\" data-element_type=\"section\" data-e-type=\"section\">\n\t\t\t\t\t\t<div class=\"elementor-container elementor-column-gap-default\">\n\t\t\t\t\t<div class=\"elementor-column elementor-col-33 elementor-inner-column elementor-element elementor-element-d05990b\" data-id=\"d05990b\" data-element_type=\"column\" data-e-type=\"column\">\n\t\t\t<div class=\"elementor-widget-wrap elementor-element-populated\">\n\t\t\t\t\t\t<div class=\"elementor-element elementor-element-66ed464 elementor-widget-divider--view-line elementor-widget elementor-widget-divider\" data-id=\"66ed464\" data-element_type=\"widget\" data-e-type=\"widget\" data-widget_type=\"divider.default\">\n\t\t\t\t<div class=\"elementor-widget-container\">\n\t\t\t\t\t\t\t<div class=\"elementor-divider\">\n\t\t\t<span class=\"elementor-divider-separator\">\n\t\t\t\t\t\t<\/span>\n\t\t<\/div>\n\t\t\t\t\t\t<\/div>\n\t\t\t\t<\/div>\n\t\t\t\t\t<\/div>\n\t\t<\/div>\n\t\t\t\t<div class=\"elementor-column elementor-col-33 elementor-inner-column elementor-element elementor-element-9913f85\" data-id=\"9913f85\" data-element_type=\"column\" data-e-type=\"column\">\n\t\t\t<div class=\"elementor-widget-wrap elementor-element-populated\">\n\t\t\t\t\t\t<div class=\"elementor-element elementor-element-9f320cc elementor-widget elementor-widget-image\" data-id=\"9f320cc\" data-element_type=\"widget\" data-e-type=\"widget\" data-widget_type=\"image.default\">\n\t\t\t\t<div class=\"elementor-widget-container\">\n\t\t\t\t\t\t\t\t\t\t\t\t\t\t\t<img fetchpriority=\"high\" decoding=\"async\" width=\"1000\" height=\"540\" src=\"https:\/\/spiritplasztika.hu\/wp-content\/uploads\/2023\/04\/spirit-slider-2-logo-1.png\" class=\"attachment-full size-full wp-image-4416\" alt=\"spirit log\u00f3 r\u00e9sz\" srcset=\"https:\/\/spiritplasztika.hu\/wp-content\/uploads\/2023\/04\/spirit-slider-2-logo-1.png 1000w, https:\/\/spiritplasztika.hu\/wp-content\/uploads\/2023\/04\/spirit-slider-2-logo-1-300x162.png 300w, https:\/\/spiritplasztika.hu\/wp-content\/uploads\/2023\/04\/spirit-slider-2-logo-1-768x415.png 768w, https:\/\/spiritplasztika.hu\/wp-content\/uploads\/2023\/04\/spirit-slider-2-logo-1-260x140.png 260w, https:\/\/spiritplasztika.hu\/wp-content\/uploads\/2023\/04\/spirit-slider-2-logo-1-50x27.png 50w, https:\/\/spiritplasztika.hu\/wp-content\/uploads\/2023\/04\/spirit-slider-2-logo-1-139x75.png 139w\" sizes=\"(max-width:767px) 480px, (max-width:1000px) 100vw, 1000px\" \/>\t\t\t\t\t\t\t\t\t\t\t\t\t\t\t<\/div>\n\t\t\t\t<\/div>\n\t\t\t\t\t<\/div>\n\t\t<\/div>\n\t\t\t\t<div class=\"elementor-column elementor-col-33 elementor-inner-column elementor-element elementor-element-5789a4a\" data-id=\"5789a4a\" data-element_type=\"column\" data-e-type=\"column\">\n\t\t\t<div class=\"elementor-widget-wrap elementor-element-populated\">\n\t\t\t\t\t\t<div class=\"elementor-element elementor-element-c92aac0 elementor-widget-divider--view-line elementor-widget elementor-widget-divider\" data-id=\"c92aac0\" data-element_type=\"widget\" data-e-type=\"widget\" data-widget_type=\"divider.default\">\n\t\t\t\t<div class=\"elementor-widget-container\">\n\t\t\t\t\t\t\t<div class=\"elementor-divider\">\n\t\t\t<span class=\"elementor-divider-separator\">\n\t\t\t\t\t\t<\/span>\n\t\t<\/div>\n\t\t\t\t\t\t<\/div>\n\t\t\t\t<\/div>\n\t\t\t\t\t<\/div>\n\t\t<\/div>\n\t\t\t\t\t<\/div>\n\t\t<\/section>\n\t\t\t\t\t<\/div>\n\t\t<\/div>\n\t\t\t\t\t<\/div>\n\t\t<\/section>\n\t\t\t\t<section class=\"elementor-section elementor-top-section elementor-element elementor-element-1c0eff6 elementor-section-boxed elementor-section-height-default elementor-section-height-default\" data-id=\"1c0eff6\" data-element_type=\"section\" data-e-type=\"section\">\n\t\t\t\t\t\t<div class=\"elementor-container elementor-column-gap-default\">\n\t\t\t\t\t<div class=\"elementor-column elementor-col-100 elementor-top-column elementor-element elementor-element-699198c\" data-id=\"699198c\" data-element_type=\"column\" data-e-type=\"column\">\n\t\t\t<div class=\"elementor-widget-wrap elementor-element-populated\">\n\t\t\t\t\t\t<div class=\"elementor-element elementor-element-94e4c6f elementor-widget elementor-widget-text-editor\" data-id=\"94e4c6f\" data-element_type=\"widget\" data-e-type=\"widget\" data-widget_type=\"text-editor.default\">\n\t\t\t\t<div class=\"elementor-widget-container\">\n\t\t\t\t\t\t\t\t\t<p>At <strong>Spirit Plastic Surgery<\/strong>, we offer safe and efficient removal of various benign subcutaneous soft tissue lesions such as fibromas, atheromas, lipomas, and cysts. These procedures are performed by our expert plastic surgeons under local anesthesia, ensuring minimal discomfort and a quick recovery for our patients. Even though these conditions are usually harmless, their removal may be necessary for aesthetic reasons or to prevent complications.<\/p><p>\u00a0<\/p><hr \/><h4>Types of Subcutaneous Lesions<\/h4><hr \/><p><strong>Fibroma<\/strong><br \/>A fibroma is a soft, stalk-like, and brownish growth that can appear anywhere on the body. It is a benign proliferation of connective tissue cells and is usually asymptomatic, though it can be aesthetically displeasing.<\/p><p>\u00a0<\/p><hr \/><p><strong>Atheroma<\/strong><br \/>Commonly referred to as a sebaceous cyst, an atheroma is typically more of an aesthetic concern. However, when inflamed, it can cause pain or even fever. Atheromas develop due to a blockage in the sebaceous gland ducts and are most commonly found on the scalp, trunk, and face.<\/p><p>\u00a0<\/p><p>While benign, atheromas are often removed to prevent inflammation or for cosmetic reasons. In cases of inflammation, urgent surgery may be required to prevent spontaneous rupture and permanent scarring. By removing the atheroma surgically, we can address the issue quickly and with minimal aesthetic impact.<\/p><p>\u00a0<\/p><hr \/><p><strong>Lipoma<\/strong><br \/>Lipomas are benign fatty tumors that develop under the skin and are generally only symptomatic if they grow large enough to press on surrounding nerves.<\/p><p>Typically soft and mobile, lipomas can vary in size and are most commonly found on the legs, arms, or torso, but can also appear on more visible areas such as the neck, face, and scalp. Lipomas are usually harmless and often removed for aesthetic reasons. If they remain small and cause no discomfort, removal may not be necessary. However, if they grow larger than five centimeters or start causing discomfort, surgical removal is advised.<\/p><p>\u00a0<\/p><hr \/><p><strong>Cyst<\/strong><br \/>Cysts commonly occur near joints and tendons, often filled with joint fluid. These can cause pressure symptoms on surrounding tissues and may also present aesthetic concerns due to their noticeable size.<\/p><p>\u00a0<\/p><hr \/><h3>The Procedure for Removing Benign Subcutaneous Lesions<\/h3><p>Surgical removal of benign subcutaneous lesions is a quick and straightforward procedure, usually performed under local anesthesia if the lesion is not inflamed. During the surgery, our plastic surgeon removes the tumor along with its capsule and closes the incision with an aesthetic skin suture to minimize scarring. In cases where an atheroma is inflamed, the primary goal is to drain the pus and treat the inflammation, though it may not always be possible to remove the entire capsule in this state.<\/p><p>\u00a0<\/p><hr \/><h3>Histological Examination<\/h3><p>In all cases, the excised material is sent for histological examination, ensuring a precise diagnosis. An official pathology report is provided for the patient after the analysis.<\/p><hr \/><p>Do you need a safe and quick solution for the removal of subcutaneous lesions? Don&#8217;t wait any longer\u2014contact us with confidence! Schedule a consultation online or call us directly at <strong>+36 1 445 0108<\/strong>. The <strong>Spirit Plastic Surgery<\/strong> team is ready to provide you with personalized care.<\/p>\t\t\t\t\t\t\t\t<\/div>\n\t\t\t\t<\/div>\n\t\t\t\t<div class=\"elementor-element elementor-element-b7ab240 elementor-widget elementor-widget-spacer\" data-id=\"b7ab240\" data-element_type=\"widget\" data-e-type=\"widget\" data-widget_type=\"spacer.default\">\n\t\t\t\t<div class=\"elementor-widget-container\">\n\t\t\t\t\t\t\t<div class=\"elementor-spacer\">\n\t\t\t<div class=\"elementor-spacer-inner\"><\/div>\n\t\t<\/div>\n\t\t\t\t\t\t<\/div>\n\t\t\t\t<\/div>\n\t\t\t\t\t<\/div>\n\t\t<\/div>\n\t\t\t\t\t<\/div>\n\t\t<\/section>\n\t\t\t\t<\/div>\n\t\t","protected":false},"excerpt":{"rendered":"<p>Removal of Subcutaneous Soft Tissue Lesions At Spirit Plastic Surgery, we offer safe and efficient removal of various benign subcutaneous soft tissue lesions such as fibromas,<span class=\"excerpt-hellip\"> [\u2026]<\/span><\/p>\n","protected":false},"author":1,"featured_media":0,"parent":6719,"menu_order":0,"comment_status":"closed","ping_status":"closed","template":"","meta":{"footnotes":""},"class_list":["post-6826","page","type-page","status-publish","hentry"],"yoast_head":"<!-- This site is optimized with the Yoast SEO plugin v27.4 - https:\/\/yoast.com\/product\/yoast-seo-wordpress\/ -->\n<title>B\u0151r alatti l\u00e1gyr\u00e9sz - Spirit Plasztika<\/title>\n<meta name=\"robots\" content=\"index, follow, max-snippet:-1, max-image-preview:large, max-video-preview:-1\" \/>\n<link rel=\"canonical\" href=\"https:\/\/spiritplasztika.hu\/en\/body\/removal-of-subcutaneous-soft-tissue-lesions\/\" \/>\n<meta property=\"og:locale\" content=\"en_US\" \/>\n<meta property=\"og:type\" content=\"article\" \/>\n<meta property=\"og:title\" content=\"B\u0151r alatti l\u00e1gyr\u00e9sz - Spirit Plasztika\" \/>\n<meta property=\"og:description\" content=\"Removal of Subcutaneous Soft Tissue Lesions At Spirit Plastic Surgery, we offer safe and efficient removal of various benign subcutaneous soft tissue lesions such as fibromas, [\u2026]\" \/>\n<meta property=\"og:url\" content=\"https:\/\/spiritplasztika.hu\/en\/body\/removal-of-subcutaneous-soft-tissue-lesions\/\" \/>\n<meta property=\"og:site_name\" content=\"Spirit Plasztika\" \/>\n<meta property=\"article:modified_time\" content=\"2024-10-14T20:20:29+00:00\" \/>\n<meta property=\"og:image\" content=\"https:\/\/spiritplasztika.hu\/wp-content\/uploads\/2023\/04\/spirit-slider-2-logo-1.png\" \/>\n<meta name=\"twitter:card\" content=\"summary_large_image\" \/>\n<meta name=\"twitter:label1\" content=\"Est. reading time\" \/>\n\t<meta name=\"twitter:data1\" content=\"3 minutes\" \/>\n<script type=\"application\/ld+json\" class=\"yoast-schema-graph\">{\"@context\":\"https:\\\/\\\/schema.org\",\"@graph\":[{\"@type\":\"WebPage\",\"@id\":\"https:\\\/\\\/spiritplasztika.hu\\\/en\\\/body\\\/removal-of-subcutaneous-soft-tissue-lesions\\\/\",\"url\":\"https:\\\/\\\/spiritplasztika.hu\\\/en\\\/body\\\/removal-of-subcutaneous-soft-tissue-lesions\\\/\",\"name\":\"B\u0151r alatti l\u00e1gyr\u00e9sz - Spirit Plasztika\",\"isPartOf\":{\"@id\":\"https:\\\/\\\/spiritplasztika.hu\\\/#website\"},\"primaryImageOfPage\":{\"@id\":\"https:\\\/\\\/spiritplasztika.hu\\\/en\\\/body\\\/removal-of-subcutaneous-soft-tissue-lesions\\\/#primaryimage\"},\"image\":{\"@id\":\"https:\\\/\\\/spiritplasztika.hu\\\/en\\\/body\\\/removal-of-subcutaneous-soft-tissue-lesions\\\/#primaryimage\"},\"thumbnailUrl\":\"https:\\\/\\\/spiritplasztika.hu\\\/wp-content\\\/uploads\\\/2023\\\/04\\\/spirit-slider-2-logo-1.png\",\"datePublished\":\"2022-07-10T12:55:10+00:00\",\"dateModified\":\"2024-10-14T20:20:29+00:00\",\"breadcrumb\":{\"@id\":\"https:\\\/\\\/spiritplasztika.hu\\\/en\\\/body\\\/removal-of-subcutaneous-soft-tissue-lesions\\\/#breadcrumb\"},\"inLanguage\":\"en-US\",\"potentialAction\":[{\"@type\":\"ReadAction\",\"target\":[\"https:\\\/\\\/spiritplasztika.hu\\\/en\\\/body\\\/removal-of-subcutaneous-soft-tissue-lesions\\\/\"]}]},{\"@type\":\"ImageObject\",\"inLanguage\":\"en-US\",\"@id\":\"https:\\\/\\\/spiritplasztika.hu\\\/en\\\/body\\\/removal-of-subcutaneous-soft-tissue-lesions\\\/#primaryimage\",\"url\":\"https:\\\/\\\/spiritplasztika.hu\\\/wp-content\\\/uploads\\\/2023\\\/04\\\/spirit-slider-2-logo-1.png\",\"contentUrl\":\"https:\\\/\\\/spiritplasztika.hu\\\/wp-content\\\/uploads\\\/2023\\\/04\\\/spirit-slider-2-logo-1.png\"},{\"@type\":\"BreadcrumbList\",\"@id\":\"https:\\\/\\\/spiritplasztika.hu\\\/en\\\/body\\\/removal-of-subcutaneous-soft-tissue-lesions\\\/#breadcrumb\",\"itemListElement\":[{\"@type\":\"ListItem\",\"position\":1,\"name\":\"Kezd\u0151lap\",\"item\":\"https:\\\/\\\/spiritplasztika.hu\\\/en\\\/\"},{\"@type\":\"ListItem\",\"position\":2,\"name\":\"Body\",\"item\":\"https:\\\/\\\/spiritplasztika.hu\\\/test\\\/\"},{\"@type\":\"ListItem\",\"position\":3,\"name\":\"Removal of Subcutaneous Soft Tissue Lesions\"}]},{\"@type\":\"WebSite\",\"@id\":\"https:\\\/\\\/spiritplasztika.hu\\\/#website\",\"url\":\"https:\\\/\\\/spiritplasztika.hu\\\/\",\"name\":\"Spirit Plasztika\",\"description\":\"Plasztikai seb\u00e9szet\",\"publisher\":{\"@id\":\"https:\\\/\\\/spiritplasztika.hu\\\/#organization\"},\"potentialAction\":[{\"@type\":\"SearchAction\",\"target\":{\"@type\":\"EntryPoint\",\"urlTemplate\":\"https:\\\/\\\/spiritplasztika.hu\\\/?s={search_term_string}\"},\"query-input\":{\"@type\":\"PropertyValueSpecification\",\"valueRequired\":true,\"valueName\":\"search_term_string\"}}],\"inLanguage\":\"en-US\"},{\"@type\":\"Organization\",\"@id\":\"https:\\\/\\\/spiritplasztika.hu\\\/#organization\",\"name\":\"Spirit Plasztika\",\"url\":\"https:\\\/\\\/spiritplasztika.hu\\\/\",\"logo\":{\"@type\":\"ImageObject\",\"inLanguage\":\"en-US\",\"@id\":\"https:\\\/\\\/spiritplasztika.hu\\\/#\\\/schema\\\/logo\\\/image\\\/\",\"url\":\"https:\\\/\\\/spiritplasztika.hu\\\/wp-content\\\/uploads\\\/2022\\\/06\\\/SpiritPlasztika_logo_arany-1.png\",\"contentUrl\":\"https:\\\/\\\/spiritplasztika.hu\\\/wp-content\\\/uploads\\\/2022\\\/06\\\/SpiritPlasztika_logo_arany-1.png\",\"width\":1789,\"height\":928,\"caption\":\"Spirit Plasztika\"},\"image\":{\"@id\":\"https:\\\/\\\/spiritplasztika.hu\\\/#\\\/schema\\\/logo\\\/image\\\/\"}}]}<\/script>\n<!-- \/ Yoast SEO plugin. -->","yoast_head_json":{"title":"B\u0151r alatti l\u00e1gyr\u00e9sz - Spirit Plasztika","robots":{"index":"index","follow":"follow","max-snippet":"max-snippet:-1","max-image-preview":"max-image-preview:large","max-video-preview":"max-video-preview:-1"},"canonical":"https:\/\/spiritplasztika.hu\/en\/body\/removal-of-subcutaneous-soft-tissue-lesions\/","og_locale":"en_US","og_type":"article","og_title":"B\u0151r alatti l\u00e1gyr\u00e9sz - Spirit Plasztika","og_description":"Removal of Subcutaneous Soft Tissue Lesions At Spirit Plastic Surgery, we offer safe and efficient removal of various benign subcutaneous soft tissue lesions such as fibromas, [\u2026]","og_url":"https:\/\/spiritplasztika.hu\/en\/body\/removal-of-subcutaneous-soft-tissue-lesions\/","og_site_name":"Spirit Plasztika","article_modified_time":"2024-10-14T20:20:29+00:00","og_image":[{"url":"https:\/\/spiritplasztika.hu\/wp-content\/uploads\/2023\/04\/spirit-slider-2-logo-1.png","type":"","width":"","height":""}],"twitter_card":"summary_large_image","twitter_misc":{"Est. reading time":"3 minutes"},"schema":{"@context":"https:\/\/schema.org","@graph":[{"@type":"WebPage","@id":"https:\/\/spiritplasztika.hu\/en\/body\/removal-of-subcutaneous-soft-tissue-lesions\/","url":"https:\/\/spiritplasztika.hu\/en\/body\/removal-of-subcutaneous-soft-tissue-lesions\/","name":"B\u0151r alatti l\u00e1gyr\u00e9sz - Spirit Plasztika","isPartOf":{"@id":"https:\/\/spiritplasztika.hu\/#website"},"primaryImageOfPage":{"@id":"https:\/\/spiritplasztika.hu\/en\/body\/removal-of-subcutaneous-soft-tissue-lesions\/#primaryimage"},"image":{"@id":"https:\/\/spiritplasztika.hu\/en\/body\/removal-of-subcutaneous-soft-tissue-lesions\/#primaryimage"},"thumbnailUrl":"https:\/\/spiritplasztika.hu\/wp-content\/uploads\/2023\/04\/spirit-slider-2-logo-1.png","datePublished":"2022-07-10T12:55:10+00:00","dateModified":"2024-10-14T20:20:29+00:00","breadcrumb":{"@id":"https:\/\/spiritplasztika.hu\/en\/body\/removal-of-subcutaneous-soft-tissue-lesions\/#breadcrumb"},"inLanguage":"en-US","potentialAction":[{"@type":"ReadAction","target":["https:\/\/spiritplasztika.hu\/en\/body\/removal-of-subcutaneous-soft-tissue-lesions\/"]}]},{"@type":"ImageObject","inLanguage":"en-US","@id":"https:\/\/spiritplasztika.hu\/en\/body\/removal-of-subcutaneous-soft-tissue-lesions\/#primaryimage","url":"https:\/\/spiritplasztika.hu\/wp-content\/uploads\/2023\/04\/spirit-slider-2-logo-1.png","contentUrl":"https:\/\/spiritplasztika.hu\/wp-content\/uploads\/2023\/04\/spirit-slider-2-logo-1.png"},{"@type":"BreadcrumbList","@id":"https:\/\/spiritplasztika.hu\/en\/body\/removal-of-subcutaneous-soft-tissue-lesions\/#breadcrumb","itemListElement":[{"@type":"ListItem","position":1,"name":"Kezd\u0151lap","item":"https:\/\/spiritplasztika.hu\/en\/"},{"@type":"ListItem","position":2,"name":"Body","item":"https:\/\/spiritplasztika.hu\/test\/"},{"@type":"ListItem","position":3,"name":"Removal of Subcutaneous Soft Tissue Lesions"}]},{"@type":"WebSite","@id":"https:\/\/spiritplasztika.hu\/#website","url":"https:\/\/spiritplasztika.hu\/","name":"Spirit Plasztika","description":"Plasztikai seb\u00e9szet","publisher":{"@id":"https:\/\/spiritplasztika.hu\/#organization"},"potentialAction":[{"@type":"SearchAction","target":{"@type":"EntryPoint","urlTemplate":"https:\/\/spiritplasztika.hu\/?s={search_term_string}"},"query-input":{"@type":"PropertyValueSpecification","valueRequired":true,"valueName":"search_term_string"}}],"inLanguage":"en-US"},{"@type":"Organization","@id":"https:\/\/spiritplasztika.hu\/#organization","name":"Spirit Plasztika","url":"https:\/\/spiritplasztika.hu\/","logo":{"@type":"ImageObject","inLanguage":"en-US","@id":"https:\/\/spiritplasztika.hu\/#\/schema\/logo\/image\/","url":"https:\/\/spiritplasztika.hu\/wp-content\/uploads\/2022\/06\/SpiritPlasztika_logo_arany-1.png","contentUrl":"https:\/\/spiritplasztika.hu\/wp-content\/uploads\/2022\/06\/SpiritPlasztika_logo_arany-1.png","width":1789,"height":928,"caption":"Spirit Plasztika"},"image":{"@id":"https:\/\/spiritplasztika.hu\/#\/schema\/logo\/image\/"}}]}},"_links":{"self":[{"href":"https:\/\/spiritplasztika.hu\/en\/wp-json\/wp\/v2\/pages\/6826","targetHints":{"allow":["GET"]}}],"collection":[{"href":"https:\/\/spiritplasztika.hu\/en\/wp-json\/wp\/v2\/pages"}],"about":[{"href":"https:\/\/spiritplasztika.hu\/en\/wp-json\/wp\/v2\/types\/page"}],"author":[{"embeddable":true,"href":"https:\/\/spiritplasztika.hu\/en\/wp-json\/wp\/v2\/users\/1"}],"replies":[{"embeddable":true,"href":"https:\/\/spiritplasztika.hu\/en\/wp-json\/wp\/v2\/comments?post=6826"}],"version-history":[{"count":4,"href":"https:\/\/spiritplasztika.hu\/en\/wp-json\/wp\/v2\/pages\/6826\/revisions"}],"predecessor-version":[{"id":6830,"href":"https:\/\/spiritplasztika.hu\/en\/wp-json\/wp\/v2\/pages\/6826\/revisions\/6830"}],"up":[{"embeddable":true,"href":"https:\/\/spiritplasztika.hu\/en\/wp-json\/wp\/v2\/pages\/6719"}],"wp:attachment":[{"href":"https:\/\/spiritplasztika.hu\/en\/wp-json\/wp\/v2\/media?parent=6826"}],"curies":[{"name":"wp","href":"https:\/\/api.w.org\/{rel}","templated":true}]}}