{"id":6936,"date":"2022-07-09T14:52:59","date_gmt":"2022-07-09T14:52:59","guid":{"rendered":"https:\/\/spiritplasztika.hu\/haj\/"},"modified":"2024-10-15T09:19:23","modified_gmt":"2024-10-15T09:19:23","slug":"hair","status":"publish","type":"page","link":"https:\/\/spiritplasztika.hu\/en\/hair\/","title":{"rendered":"Hair"},"content":{"rendered":"\t\t<div data-elementor-type=\"wp-page\" data-elementor-id=\"6936\" class=\"elementor elementor-6936 elementor-468\">\n\t\t\t\t\t\t<section class=\"elementor-section elementor-top-section elementor-element elementor-element-80f5b64 elementor-section-stretched elementor-section-boxed elementor-section-height-default elementor-section-height-default\" data-id=\"80f5b64\" data-element_type=\"section\" data-e-type=\"section\" data-settings=\"{&quot;stretch_section&quot;:&quot;section-stretched&quot;,&quot;background_background&quot;:&quot;classic&quot;}\">\n\t\t\t\t\t\t<div class=\"elementor-container elementor-column-gap-no\">\n\t\t\t\t\t<div class=\"elementor-column elementor-col-100 elementor-top-column elementor-element elementor-element-5115d01\" data-id=\"5115d01\" data-element_type=\"column\" data-e-type=\"column\">\n\t\t\t<div class=\"elementor-widget-wrap elementor-element-populated\">\n\t\t\t\t\t\t<section class=\"elementor-section elementor-inner-section elementor-element elementor-element-6103056 elementor-section-full_width elementor-section-height-default elementor-section-height-default\" data-id=\"6103056\" data-element_type=\"section\" data-e-type=\"section\">\n\t\t\t\t\t\t<div class=\"elementor-container elementor-column-gap-default\">\n\t\t\t\t\t<div class=\"elementor-column elementor-col-33 elementor-inner-column elementor-element elementor-element-5f9350d\" data-id=\"5f9350d\" data-element_type=\"column\" data-e-type=\"column\">\n\t\t\t<div class=\"elementor-widget-wrap elementor-element-populated\">\n\t\t\t\t\t\t<div class=\"elementor-element elementor-element-52158ed elementor-widget-divider--view-line elementor-widget elementor-widget-divider\" data-id=\"52158ed\" data-element_type=\"widget\" data-e-type=\"widget\" data-widget_type=\"divider.default\">\n\t\t\t\t<div class=\"elementor-widget-container\">\n\t\t\t\t\t\t\t<div class=\"elementor-divider\">\n\t\t\t<span class=\"elementor-divider-separator\">\n\t\t\t\t\t\t<\/span>\n\t\t<\/div>\n\t\t\t\t\t\t<\/div>\n\t\t\t\t<\/div>\n\t\t\t\t\t<\/div>\n\t\t<\/div>\n\t\t\t\t<div class=\"elementor-column elementor-col-33 elementor-inner-column elementor-element elementor-element-740cc4f\" data-id=\"740cc4f\" data-element_type=\"column\" data-e-type=\"column\">\n\t\t\t<div class=\"elementor-widget-wrap elementor-element-populated\">\n\t\t\t\t\t\t<div class=\"elementor-element elementor-element-8f8ed75 e-transform elementor-widget elementor-widget-image\" data-id=\"8f8ed75\" data-element_type=\"widget\" data-e-type=\"widget\" data-settings=\"{&quot;_transform_rotateZ_effect&quot;:{&quot;unit&quot;:&quot;px&quot;,&quot;size&quot;:180,&quot;sizes&quot;:[]},&quot;_transform_rotateZ_effect_mobile&quot;:{&quot;unit&quot;:&quot;px&quot;,&quot;size&quot;:180,&quot;sizes&quot;:[]},&quot;_transform_rotateZ_effect_tablet&quot;:{&quot;unit&quot;:&quot;deg&quot;,&quot;size&quot;:&quot;&quot;,&quot;sizes&quot;:[]}}\" data-widget_type=\"image.default\">\n\t\t\t\t<div class=\"elementor-widget-container\">\n\t\t\t\t\t\t\t\t\t\t\t\t\t\t\t<img fetchpriority=\"high\" decoding=\"async\" width=\"1000\" height=\"540\" src=\"https:\/\/spiritplasztika.hu\/wp-content\/uploads\/2023\/04\/spirit-slider-2-logo-1.png\" class=\"attachment-large size-large wp-image-4416\" alt=\"spirit log\u00f3 r\u00e9sz\" srcset=\"https:\/\/spiritplasztika.hu\/wp-content\/uploads\/2023\/04\/spirit-slider-2-logo-1.png 1000w, https:\/\/spiritplasztika.hu\/wp-content\/uploads\/2023\/04\/spirit-slider-2-logo-1-300x162.png 300w, https:\/\/spiritplasztika.hu\/wp-content\/uploads\/2023\/04\/spirit-slider-2-logo-1-768x415.png 768w, https:\/\/spiritplasztika.hu\/wp-content\/uploads\/2023\/04\/spirit-slider-2-logo-1-260x140.png 260w, https:\/\/spiritplasztika.hu\/wp-content\/uploads\/2023\/04\/spirit-slider-2-logo-1-50x27.png 50w, https:\/\/spiritplasztika.hu\/wp-content\/uploads\/2023\/04\/spirit-slider-2-logo-1-139x75.png 139w\" sizes=\"(max-width:767px) 480px, (max-width:1000px) 100vw, 1000px\" \/>\t\t\t\t\t\t\t\t\t\t\t\t\t\t\t<\/div>\n\t\t\t\t<\/div>\n\t\t\t\t\t<\/div>\n\t\t<\/div>\n\t\t\t\t<div class=\"elementor-column elementor-col-33 elementor-inner-column elementor-element elementor-element-d700365\" data-id=\"d700365\" data-element_type=\"column\" data-e-type=\"column\">\n\t\t\t<div class=\"elementor-widget-wrap elementor-element-populated\">\n\t\t\t\t\t\t<div class=\"elementor-element elementor-element-a94183e elementor-widget-divider--view-line elementor-widget elementor-widget-divider\" data-id=\"a94183e\" data-element_type=\"widget\" data-e-type=\"widget\" data-widget_type=\"divider.default\">\n\t\t\t\t<div class=\"elementor-widget-container\">\n\t\t\t\t\t\t\t<div class=\"elementor-divider\">\n\t\t\t<span class=\"elementor-divider-separator\">\n\t\t\t\t\t\t<\/span>\n\t\t<\/div>\n\t\t\t\t\t\t<\/div>\n\t\t\t\t<\/div>\n\t\t\t\t\t<\/div>\n\t\t<\/div>\n\t\t\t\t\t<\/div>\n\t\t<\/section>\n\t\t\t\t<div class=\"elementor-element elementor-element-59e1004 elementor-widget elementor-widget-heading\" data-id=\"59e1004\" data-element_type=\"widget\" data-e-type=\"widget\" data-widget_type=\"heading.default\">\n\t\t\t\t<div class=\"elementor-widget-container\">\n\t\t\t\t\t<h1 class=\"elementor-heading-title elementor-size-default\">Hair<\/h1>\t\t\t\t<\/div>\n\t\t\t\t<\/div>\n\t\t\t\t<section class=\"elementor-section elementor-inner-section elementor-element elementor-element-6850a53 elementor-section-full_width elementor-section-height-default elementor-section-height-default\" data-id=\"6850a53\" data-element_type=\"section\" data-e-type=\"section\">\n\t\t\t\t\t\t<div class=\"elementor-container elementor-column-gap-default\">\n\t\t\t\t\t<div class=\"elementor-column elementor-col-33 elementor-inner-column elementor-element elementor-element-23cb922\" data-id=\"23cb922\" data-element_type=\"column\" data-e-type=\"column\">\n\t\t\t<div class=\"elementor-widget-wrap elementor-element-populated\">\n\t\t\t\t\t\t<div class=\"elementor-element elementor-element-addce5c elementor-widget-divider--view-line elementor-widget elementor-widget-divider\" data-id=\"addce5c\" data-element_type=\"widget\" data-e-type=\"widget\" data-widget_type=\"divider.default\">\n\t\t\t\t<div class=\"elementor-widget-container\">\n\t\t\t\t\t\t\t<div class=\"elementor-divider\">\n\t\t\t<span class=\"elementor-divider-separator\">\n\t\t\t\t\t\t<\/span>\n\t\t<\/div>\n\t\t\t\t\t\t<\/div>\n\t\t\t\t<\/div>\n\t\t\t\t\t<\/div>\n\t\t<\/div>\n\t\t\t\t<div class=\"elementor-column elementor-col-33 elementor-inner-column elementor-element elementor-element-e637c6d\" data-id=\"e637c6d\" data-element_type=\"column\" data-e-type=\"column\">\n\t\t\t<div class=\"elementor-widget-wrap elementor-element-populated\">\n\t\t\t\t\t\t<div class=\"elementor-element elementor-element-d486cb3 elementor-widget elementor-widget-image\" data-id=\"d486cb3\" data-element_type=\"widget\" data-e-type=\"widget\" data-widget_type=\"image.default\">\n\t\t\t\t<div class=\"elementor-widget-container\">\n\t\t\t\t\t\t\t\t\t\t\t\t\t\t\t<img fetchpriority=\"high\" decoding=\"async\" width=\"1000\" height=\"540\" src=\"https:\/\/spiritplasztika.hu\/wp-content\/uploads\/2023\/04\/spirit-slider-2-logo-1.png\" class=\"attachment-large size-large wp-image-4416\" alt=\"spirit log\u00f3 r\u00e9sz\" srcset=\"https:\/\/spiritplasztika.hu\/wp-content\/uploads\/2023\/04\/spirit-slider-2-logo-1.png 1000w, https:\/\/spiritplasztika.hu\/wp-content\/uploads\/2023\/04\/spirit-slider-2-logo-1-300x162.png 300w, https:\/\/spiritplasztika.hu\/wp-content\/uploads\/2023\/04\/spirit-slider-2-logo-1-768x415.png 768w, https:\/\/spiritplasztika.hu\/wp-content\/uploads\/2023\/04\/spirit-slider-2-logo-1-260x140.png 260w, https:\/\/spiritplasztika.hu\/wp-content\/uploads\/2023\/04\/spirit-slider-2-logo-1-50x27.png 50w, https:\/\/spiritplasztika.hu\/wp-content\/uploads\/2023\/04\/spirit-slider-2-logo-1-139x75.png 139w\" sizes=\"(max-width:767px) 480px, (max-width:1000px) 100vw, 1000px\" \/>\t\t\t\t\t\t\t\t\t\t\t\t\t\t\t<\/div>\n\t\t\t\t<\/div>\n\t\t\t\t\t<\/div>\n\t\t<\/div>\n\t\t\t\t<div class=\"elementor-column elementor-col-33 elementor-inner-column elementor-element elementor-element-5d93d6d\" data-id=\"5d93d6d\" data-element_type=\"column\" data-e-type=\"column\">\n\t\t\t<div class=\"elementor-widget-wrap elementor-element-populated\">\n\t\t\t\t\t\t<div class=\"elementor-element elementor-element-2927334 elementor-widget-divider--view-line elementor-widget elementor-widget-divider\" data-id=\"2927334\" data-element_type=\"widget\" data-e-type=\"widget\" data-widget_type=\"divider.default\">\n\t\t\t\t<div class=\"elementor-widget-container\">\n\t\t\t\t\t\t\t<div class=\"elementor-divider\">\n\t\t\t<span class=\"elementor-divider-separator\">\n\t\t\t\t\t\t<\/span>\n\t\t<\/div>\n\t\t\t\t\t\t<\/div>\n\t\t\t\t<\/div>\n\t\t\t\t\t<\/div>\n\t\t<\/div>\n\t\t\t\t\t<\/div>\n\t\t<\/section>\n\t\t\t\t\t<\/div>\n\t\t<\/div>\n\t\t\t\t\t<\/div>\n\t\t<\/section>\n\t\t\t\t<section class=\"elementor-section elementor-top-section elementor-element elementor-element-cfc22b0 elementor-section-stretched elementor-section-boxed elementor-section-height-default elementor-section-height-default\" data-id=\"cfc22b0\" data-element_type=\"section\" data-e-type=\"section\" data-settings=\"{&quot;stretch_section&quot;:&quot;section-stretched&quot;,&quot;background_background&quot;:&quot;classic&quot;}\">\n\t\t\t\t\t\t<div class=\"elementor-container elementor-column-gap-narrow\">\n\t\t\t\t\t<div class=\"elementor-column elementor-col-33 elementor-top-column elementor-element elementor-element-eccb0fd\" data-id=\"eccb0fd\" data-element_type=\"column\" data-e-type=\"column\">\n\t\t\t<div class=\"elementor-widget-wrap elementor-element-populated\">\n\t\t\t\t\t\t<div class=\"elementor-element elementor-element-4407bec elementor-widget elementor-widget-mfn_trailer_box\" data-id=\"4407bec\" data-element_type=\"widget\" data-e-type=\"widget\" data-widget_type=\"mfn_trailer_box.default\">\n\t\t\t\t<div class=\"elementor-widget-container\">\n\t\t\t\t\t<div class=\"trailer_box \"><a href=\"\/en\/hair\/hair-transplant\/\"  title=\"\"><img decoding=\"async\" class=\"scale-with-grid\" src=\"https:\/\/spiritplasztika.hu\/wp-content\/uploads\/2024\/07\/hajbeultetes.jpg\" alt=\"Hajbe\u00fcltet\u00e9s Budapesten.\" width=\"600\" height=\"400\"\/><div class=\"desc\"><div class=\"subtitle\">Details<\/div><h2 class=\"title \">Hair Transplant<\/h2><div class=\"line\"><\/div><\/div><\/a><\/div>\n\t\t\t\t<\/div>\n\t\t\t\t<\/div>\n\t\t\t\t\t<\/div>\n\t\t<\/div>\n\t\t\t\t<div class=\"elementor-column elementor-col-33 elementor-top-column elementor-element elementor-element-fd1a34a\" data-id=\"fd1a34a\" data-element_type=\"column\" data-e-type=\"column\">\n\t\t\t<div class=\"elementor-widget-wrap elementor-element-populated\">\n\t\t\t\t\t\t<div class=\"elementor-element elementor-element-2e677f2 elementor-widget elementor-widget-mfn_trailer_box\" data-id=\"2e677f2\" data-element_type=\"widget\" data-e-type=\"widget\" data-widget_type=\"mfn_trailer_box.default\">\n\t\t\t\t<div class=\"elementor-widget-container\">\n\t\t\t\t\t<div class=\"trailer_box \"><a href=\"\/en\/hair\/iprf-therapy\/\"  title=\"\"><img decoding=\"async\" class=\"scale-with-grid\" src=\"https:\/\/spiritplasztika.hu\/wp-content\/uploads\/2024\/07\/iprf-terapia.jpg\" alt=\"Hajhull\u00e1s ellen iPRF ter\u00e1pia.\" width=\"600\" height=\"400\"\/><div class=\"desc\"><div class=\"subtitle\">Details<\/div><h2 class=\"title \">iPRF Therapy Against Hair Loss<\/h2><div class=\"line\"><\/div><\/div><\/a><\/div>\n\t\t\t\t<\/div>\n\t\t\t\t<\/div>\n\t\t\t\t\t<\/div>\n\t\t<\/div>\n\t\t\t\t<div class=\"elementor-column elementor-col-33 elementor-top-column elementor-element elementor-element-2fb8f9f\" data-id=\"2fb8f9f\" data-element_type=\"column\" data-e-type=\"column\">\n\t\t\t<div class=\"elementor-widget-wrap elementor-element-populated\">\n\t\t\t\t\t\t<div class=\"elementor-element elementor-element-f40f67e elementor-widget elementor-widget-mfn_trailer_box\" data-id=\"f40f67e\" data-element_type=\"widget\" data-e-type=\"widget\" data-widget_type=\"mfn_trailer_box.default\">\n\t\t\t\t<div class=\"elementor-widget-container\">\n\t\t\t\t\t<div class=\"trailer_box \"><a href=\"\/en\/hair\/stem-cell-therapy-for-hair-loss\/\"  title=\"\"><img loading=\"lazy\" decoding=\"async\" class=\"scale-with-grid\" src=\"https:\/\/spiritplasztika.hu\/wp-content\/uploads\/2022\/07\/iPRF-terapia.jpg\" alt=\"iPRF ter\u00e1pia\" width=\"600\" height=\"400\"\/><div class=\"desc\"><div class=\"subtitle\">Details<\/div><h2 class=\"title \">Own Fat - Stem Cell Therapy Against Hair Loss<\/h2><div class=\"line\"><\/div><\/div><\/a><\/div>\n\t\t\t\t<\/div>\n\t\t\t\t<\/div>\n\t\t\t\t\t<\/div>\n\t\t<\/div>\n\t\t\t\t\t<\/div>\n\t\t<\/section>\n\t\t\t\t<\/div>\n\t\t","protected":false},"excerpt":{"rendered":"<p>Hair Details Hair Transplant Details iPRF Therapy Against Hair Loss Details Own Fat &#8211; Stem Cell Therapy Against Hair Loss<\/p>\n","protected":false},"author":3,"featured_media":0,"parent":0,"menu_order":0,"comment_status":"closed","ping_status":"closed","template":"","meta":{"footnotes":""},"class_list":["post-6936","page","type-page","status-publish","hentry"],"yoast_head":"<!-- This site is optimized with the Yoast SEO plugin v27.5 - https:\/\/yoast.com\/product\/yoast-seo-wordpress\/ -->\n<title>Hair \u00e9s fejb\u0151r kezel\u00e9sek - Spirit Plasztika<\/title>\n<meta name=\"robots\" content=\"index, follow, max-snippet:-1, max-image-preview:large, max-video-preview:-1\" \/>\n<link rel=\"canonical\" href=\"https:\/\/spiritplasztika.hu\/haj\/\" \/>\n<meta property=\"og:locale\" content=\"en_US\" \/>\n<meta property=\"og:type\" content=\"article\" \/>\n<meta property=\"og:title\" content=\"Hair \u00e9s fejb\u0151r kezel\u00e9sek - Spirit Plasztika\" \/>\n<meta property=\"og:description\" content=\"Hair Details Hair Transplant Details iPRF Therapy Against Hair Loss Details Own Fat &#8211; Stem Cell Therapy Against Hair Loss\" \/>\n<meta property=\"og:url\" content=\"https:\/\/spiritplasztika.hu\/haj\/\" \/>\n<meta property=\"og:site_name\" content=\"Spirit Plasztika\" \/>\n<meta property=\"article:modified_time\" content=\"2024-10-15T09:19:23+00:00\" \/>\n<meta property=\"og:image\" content=\"https:\/\/spiritplasztika.hu\/wp-content\/uploads\/2023\/04\/spirit-slider-2-logo-1.png\" \/>\n\t<meta property=\"og:image:width\" content=\"1000\" \/>\n\t<meta property=\"og:image:height\" content=\"540\" \/>\n\t<meta property=\"og:image:type\" content=\"image\/png\" \/>\n<meta name=\"twitter:card\" content=\"summary_large_image\" \/>\n<meta name=\"twitter:label1\" content=\"Est. reading time\" \/>\n\t<meta name=\"twitter:data1\" content=\"2 minutes\" \/>\n<script type=\"application\/ld+json\" class=\"yoast-schema-graph\">{\"@context\":\"https:\\\/\\\/schema.org\",\"@graph\":[{\"@type\":\"WebPage\",\"@id\":\"https:\\\/\\\/spiritplasztika.hu\\\/haj\\\/\",\"url\":\"https:\\\/\\\/spiritplasztika.hu\\\/haj\\\/\",\"name\":\"Hair \u00e9s fejb\u0151r kezel\u00e9sek - Spirit Plasztika\",\"isPartOf\":{\"@id\":\"https:\\\/\\\/spiritplasztika.hu\\\/#website\"},\"primaryImageOfPage\":{\"@id\":\"https:\\\/\\\/spiritplasztika.hu\\\/haj\\\/#primaryimage\"},\"image\":{\"@id\":\"https:\\\/\\\/spiritplasztika.hu\\\/haj\\\/#primaryimage\"},\"thumbnailUrl\":\"https:\\\/\\\/spiritplasztika.hu\\\/wp-content\\\/uploads\\\/2023\\\/04\\\/spirit-slider-2-logo-1.png\",\"datePublished\":\"2022-07-09T14:52:59+00:00\",\"dateModified\":\"2024-10-15T09:19:23+00:00\",\"breadcrumb\":{\"@id\":\"https:\\\/\\\/spiritplasztika.hu\\\/haj\\\/#breadcrumb\"},\"inLanguage\":\"en-US\",\"potentialAction\":[{\"@type\":\"ReadAction\",\"target\":[\"https:\\\/\\\/spiritplasztika.hu\\\/haj\\\/\"]}]},{\"@type\":\"ImageObject\",\"inLanguage\":\"en-US\",\"@id\":\"https:\\\/\\\/spiritplasztika.hu\\\/haj\\\/#primaryimage\",\"url\":\"https:\\\/\\\/spiritplasztika.hu\\\/wp-content\\\/uploads\\\/2023\\\/04\\\/spirit-slider-2-logo-1.png\",\"contentUrl\":\"https:\\\/\\\/spiritplasztika.hu\\\/wp-content\\\/uploads\\\/2023\\\/04\\\/spirit-slider-2-logo-1.png\"},{\"@type\":\"BreadcrumbList\",\"@id\":\"https:\\\/\\\/spiritplasztika.hu\\\/haj\\\/#breadcrumb\",\"itemListElement\":[{\"@type\":\"ListItem\",\"position\":1,\"name\":\"Kezd\u0151lap\",\"item\":\"https:\\\/\\\/spiritplasztika.hu\\\/en\\\/\"},{\"@type\":\"ListItem\",\"position\":2,\"name\":\"Hair\"}]},{\"@type\":\"WebSite\",\"@id\":\"https:\\\/\\\/spiritplasztika.hu\\\/#website\",\"url\":\"https:\\\/\\\/spiritplasztika.hu\\\/\",\"name\":\"Spirit Plasztika\",\"description\":\"Plasztikai seb\u00e9szet\",\"publisher\":{\"@id\":\"https:\\\/\\\/spiritplasztika.hu\\\/#organization\"},\"potentialAction\":[{\"@type\":\"SearchAction\",\"target\":{\"@type\":\"EntryPoint\",\"urlTemplate\":\"https:\\\/\\\/spiritplasztika.hu\\\/?s={search_term_string}\"},\"query-input\":{\"@type\":\"PropertyValueSpecification\",\"valueRequired\":true,\"valueName\":\"search_term_string\"}}],\"inLanguage\":\"en-US\"},{\"@type\":\"Organization\",\"@id\":\"https:\\\/\\\/spiritplasztika.hu\\\/#organization\",\"name\":\"Spirit Plasztika\",\"url\":\"https:\\\/\\\/spiritplasztika.hu\\\/\",\"logo\":{\"@type\":\"ImageObject\",\"inLanguage\":\"en-US\",\"@id\":\"https:\\\/\\\/spiritplasztika.hu\\\/#\\\/schema\\\/logo\\\/image\\\/\",\"url\":\"https:\\\/\\\/spiritplasztika.hu\\\/wp-content\\\/uploads\\\/2022\\\/06\\\/SpiritPlasztika_logo_arany-1.png\",\"contentUrl\":\"https:\\\/\\\/spiritplasztika.hu\\\/wp-content\\\/uploads\\\/2022\\\/06\\\/SpiritPlasztika_logo_arany-1.png\",\"width\":1789,\"height\":928,\"caption\":\"Spirit Plasztika\"},\"image\":{\"@id\":\"https:\\\/\\\/spiritplasztika.hu\\\/#\\\/schema\\\/logo\\\/image\\\/\"}}]}<\/script>\n<!-- \/ Yoast SEO plugin. -->","yoast_head_json":{"title":"Hair \u00e9s fejb\u0151r kezel\u00e9sek - Spirit Plasztika","robots":{"index":"index","follow":"follow","max-snippet":"max-snippet:-1","max-image-preview":"max-image-preview:large","max-video-preview":"max-video-preview:-1"},"canonical":"https:\/\/spiritplasztika.hu\/haj\/","og_locale":"en_US","og_type":"article","og_title":"Hair \u00e9s fejb\u0151r kezel\u00e9sek - Spirit Plasztika","og_description":"Hair Details Hair Transplant Details iPRF Therapy Against Hair Loss Details Own Fat &#8211; Stem Cell Therapy Against Hair Loss","og_url":"https:\/\/spiritplasztika.hu\/haj\/","og_site_name":"Spirit Plasztika","article_modified_time":"2024-10-15T09:19:23+00:00","og_image":[{"width":1000,"height":540,"url":"https:\/\/spiritplasztika.hu\/wp-content\/uploads\/2023\/04\/spirit-slider-2-logo-1.png","type":"image\/png"}],"twitter_card":"summary_large_image","twitter_misc":{"Est. reading time":"2 minutes"},"schema":{"@context":"https:\/\/schema.org","@graph":[{"@type":"WebPage","@id":"https:\/\/spiritplasztika.hu\/haj\/","url":"https:\/\/spiritplasztika.hu\/haj\/","name":"Hair \u00e9s fejb\u0151r kezel\u00e9sek - Spirit Plasztika","isPartOf":{"@id":"https:\/\/spiritplasztika.hu\/#website"},"primaryImageOfPage":{"@id":"https:\/\/spiritplasztika.hu\/haj\/#primaryimage"},"image":{"@id":"https:\/\/spiritplasztika.hu\/haj\/#primaryimage"},"thumbnailUrl":"https:\/\/spiritplasztika.hu\/wp-content\/uploads\/2023\/04\/spirit-slider-2-logo-1.png","datePublished":"2022-07-09T14:52:59+00:00","dateModified":"2024-10-15T09:19:23+00:00","breadcrumb":{"@id":"https:\/\/spiritplasztika.hu\/haj\/#breadcrumb"},"inLanguage":"en-US","potentialAction":[{"@type":"ReadAction","target":["https:\/\/spiritplasztika.hu\/haj\/"]}]},{"@type":"ImageObject","inLanguage":"en-US","@id":"https:\/\/spiritplasztika.hu\/haj\/#primaryimage","url":"https:\/\/spiritplasztika.hu\/wp-content\/uploads\/2023\/04\/spirit-slider-2-logo-1.png","contentUrl":"https:\/\/spiritplasztika.hu\/wp-content\/uploads\/2023\/04\/spirit-slider-2-logo-1.png"},{"@type":"BreadcrumbList","@id":"https:\/\/spiritplasztika.hu\/haj\/#breadcrumb","itemListElement":[{"@type":"ListItem","position":1,"name":"Kezd\u0151lap","item":"https:\/\/spiritplasztika.hu\/en\/"},{"@type":"ListItem","position":2,"name":"Hair"}]},{"@type":"WebSite","@id":"https:\/\/spiritplasztika.hu\/#website","url":"https:\/\/spiritplasztika.hu\/","name":"Spirit Plasztika","description":"Plasztikai seb\u00e9szet","publisher":{"@id":"https:\/\/spiritplasztika.hu\/#organization"},"potentialAction":[{"@type":"SearchAction","target":{"@type":"EntryPoint","urlTemplate":"https:\/\/spiritplasztika.hu\/?s={search_term_string}"},"query-input":{"@type":"PropertyValueSpecification","valueRequired":true,"valueName":"search_term_string"}}],"inLanguage":"en-US"},{"@type":"Organization","@id":"https:\/\/spiritplasztika.hu\/#organization","name":"Spirit Plasztika","url":"https:\/\/spiritplasztika.hu\/","logo":{"@type":"ImageObject","inLanguage":"en-US","@id":"https:\/\/spiritplasztika.hu\/#\/schema\/logo\/image\/","url":"https:\/\/spiritplasztika.hu\/wp-content\/uploads\/2022\/06\/SpiritPlasztika_logo_arany-1.png","contentUrl":"https:\/\/spiritplasztika.hu\/wp-content\/uploads\/2022\/06\/SpiritPlasztika_logo_arany-1.png","width":1789,"height":928,"caption":"Spirit Plasztika"},"image":{"@id":"https:\/\/spiritplasztika.hu\/#\/schema\/logo\/image\/"}}]}},"_links":{"self":[{"href":"https:\/\/spiritplasztika.hu\/en\/wp-json\/wp\/v2\/pages\/6936","targetHints":{"allow":["GET"]}}],"collection":[{"href":"https:\/\/spiritplasztika.hu\/en\/wp-json\/wp\/v2\/pages"}],"about":[{"href":"https:\/\/spiritplasztika.hu\/en\/wp-json\/wp\/v2\/types\/page"}],"author":[{"embeddable":true,"href":"https:\/\/spiritplasztika.hu\/en\/wp-json\/wp\/v2\/users\/3"}],"replies":[{"embeddable":true,"href":"https:\/\/spiritplasztika.hu\/en\/wp-json\/wp\/v2\/comments?post=6936"}],"version-history":[{"count":10,"href":"https:\/\/spiritplasztika.hu\/en\/wp-json\/wp\/v2\/pages\/6936\/revisions"}],"predecessor-version":[{"id":6968,"href":"https:\/\/spiritplasztika.hu\/en\/wp-json\/wp\/v2\/pages\/6936\/revisions\/6968"}],"wp:attachment":[{"href":"https:\/\/spiritplasztika.hu\/en\/wp-json\/wp\/v2\/media?parent=6936"}],"curies":[{"name":"wp","href":"https:\/\/api.w.org\/{rel}","templated":true}]}}